{"id":43937,"date":"2024-03-20T06:41:03","date_gmt":"2024-03-20T04:41:03","guid":{"rendered":"https:\/\/www.kitarakuu.fi\/tuotteet\/uncategorized\/silvertone-1369l-jimmy-reed-thin-twin-1957-58-2\/"},"modified":"2024-03-23T09:19:22","modified_gmt":"2024-03-23T07:19:22","slug":"silvertone-1369l-jimmy-reed-thin-twin-1957-58-2","status":"publish","type":"product","link":"https:\/\/www.kitarakuu.fi\/en\/products\/guitars\/silvertone-1369l-jimmy-reed-thin-twin-1957-58-2\/","title":{"rendered":"Silvertone 1369L &#8220;Jimmy Reed&#8221; Thin Twin 1957-`58"},"content":{"rendered":"<p id=\"tw-target-text\" class=\"tw-data-text tw-text-large tw-ta\" dir=\"ltr\" data-placeholder=\"K\u00e4\u00e4nn\u00f6s\" aria-label=\"K\u00e4\u00e4nnetty teksti\" data-ved=\"2ahUKEwiJreTA6omFAxXWHXcKHe11CuYQ3ewLegQIBRAU\"><span class=\"Y2IQFc\" lang=\"en\">Kay (Chicago) made for Sears&amp;Roebuck a flat-top semi-acoustic with root-sounding Thin Twin (Blade) microphones and its nasal mid-position tone! Chunky U-profile neck &#8211; without adjustable rod, but playable straight Original, used, of course some marks of wear&#8230; <\/span><span class=\"Y2IQFc\" lang=\"en\">Martin HSC<\/span><\/p>\n","protected":false},"excerpt":{"rendered":"<p>Kay (Chicago) made for Sears&amp;Roebuck a flat-top semi-acoustic with root-sounding Thin Twin (Blade) microphones and its nasal mid-position tone! Chunky U-profile neck &#8211; without adjustable rod, but playable straight Original, used, of course some marks of wear&#8230; Martin HSC<\/p>\n","protected":false},"featured_media":48492,"comment_status":"closed","ping_status":"closed","template":"","meta":{"_acf_changed":false},"product_brand":[],"product_cat":[672,670],"product_tag":[],"class_list":{"0":"post-43937","1":"product","2":"type-product","3":"status-publish","4":"has-post-thumbnail","6":"product_cat-electric-guitars","7":"product_cat-guitars","8":"pa_valmistaja-silvertone-en","10":"first","11":"outofstock","12":"taxable","13":"shipping-taxable","14":"product-type-simple"},"acf":[],"_links":{"self":[{"href":"https:\/\/www.kitarakuu.fi\/en\/wp-json\/wp\/v2\/product\/43937","targetHints":{"allow":["GET"]}}],"collection":[{"href":"https:\/\/www.kitarakuu.fi\/en\/wp-json\/wp\/v2\/product"}],"about":[{"href":"https:\/\/www.kitarakuu.fi\/en\/wp-json\/wp\/v2\/types\/product"}],"replies":[{"embeddable":true,"href":"https:\/\/www.kitarakuu.fi\/en\/wp-json\/wp\/v2\/comments?post=43937"}],"wp:featuredmedia":[{"embeddable":true,"href":"https:\/\/www.kitarakuu.fi\/en\/wp-json\/wp\/v2\/media\/48492"}],"wp:attachment":[{"href":"https:\/\/www.kitarakuu.fi\/en\/wp-json\/wp\/v2\/media?parent=43937"}],"wp:term":[{"taxonomy":"product_brand","embeddable":true,"href":"https:\/\/www.kitarakuu.fi\/en\/wp-json\/wp\/v2\/product_brand?post=43937"},{"taxonomy":"product_cat","embeddable":true,"href":"https:\/\/www.kitarakuu.fi\/en\/wp-json\/wp\/v2\/product_cat?post=43937"},{"taxonomy":"product_tag","embeddable":true,"href":"https:\/\/www.kitarakuu.fi\/en\/wp-json\/wp\/v2\/product_tag?post=43937"}],"curies":[{"name":"wp","href":"https:\/\/api.w.org\/{rel}","templated":true}]}}