{"id":43934,"date":"2024-03-22T16:11:26","date_gmt":"2024-03-22T14:11:26","guid":{"rendered":"https:\/\/www.kitarakuu.fi\/tuotteet\/uncategorized\/fgw-flying-finn-1996\/"},"modified":"2024-03-23T21:01:46","modified_gmt":"2024-03-23T19:01:46","slug":"fgw-flying-finn-1996","status":"publish","type":"product","link":"https:\/\/www.kitarakuu.fi\/en\/products\/kitarat\/sahkokitarat\/fgw-flying-finn-1996\/","title":{"rendered":"FGW Flying Finn 1996"},"content":{"rendered":"<p>Mainio Kitarasep\u00e4n Jim Weiderille takoma Flying Finn<\/p>\n<p>Huollettu juuri: Oakbridge Guitars<\/p>\n<p>Alkuper\u00e4isen laukun yksi hela risa, mutta kantov\u00e4lineen siluetti on viel\u00e4 tunnistettava<\/p>\n<p>Mukana Weiderin country\/blues opetus-DVD<\/p>\n","protected":false},"excerpt":{"rendered":"<p>Mainio Kitarasep\u00e4n Jim Weiderille takoma Flying Finn Huollettu juuri: Oakbridge Guitars Alkuper\u00e4isen laukun yksi hela risa, mutta kantov\u00e4lineen siluetti on viel\u00e4 tunnistettava Mukana Weiderin country\/blues opetus-DVD<\/p>\n","protected":false},"featured_media":43919,"comment_status":"closed","ping_status":"closed","template":"","meta":{"_acf_changed":false},"product_brand":[],"product_cat":[672,670],"product_tag":[],"class_list":{"0":"post-43934","1":"product","2":"type-product","3":"status-publish","4":"has-post-thumbnail","6":"product_cat-electric-guitars","7":"product_cat-guitars","8":"product_shipping_class-dbschenker-noutopistepaketti-en","9":"pa_valmistaja-finnish-guitar-works","11":"first","12":"outofstock","13":"taxable","14":"shipping-taxable","15":"purchasable","16":"product-type-simple"},"acf":[],"_links":{"self":[{"href":"https:\/\/www.kitarakuu.fi\/en\/wp-json\/wp\/v2\/product\/43934","targetHints":{"allow":["GET"]}}],"collection":[{"href":"https:\/\/www.kitarakuu.fi\/en\/wp-json\/wp\/v2\/product"}],"about":[{"href":"https:\/\/www.kitarakuu.fi\/en\/wp-json\/wp\/v2\/types\/product"}],"replies":[{"embeddable":true,"href":"https:\/\/www.kitarakuu.fi\/en\/wp-json\/wp\/v2\/comments?post=43934"}],"wp:featuredmedia":[{"embeddable":true,"href":"https:\/\/www.kitarakuu.fi\/en\/wp-json\/wp\/v2\/media\/43919"}],"wp:attachment":[{"href":"https:\/\/www.kitarakuu.fi\/en\/wp-json\/wp\/v2\/media?parent=43934"}],"wp:term":[{"taxonomy":"product_brand","embeddable":true,"href":"https:\/\/www.kitarakuu.fi\/en\/wp-json\/wp\/v2\/product_brand?post=43934"},{"taxonomy":"product_cat","embeddable":true,"href":"https:\/\/www.kitarakuu.fi\/en\/wp-json\/wp\/v2\/product_cat?post=43934"},{"taxonomy":"product_tag","embeddable":true,"href":"https:\/\/www.kitarakuu.fi\/en\/wp-json\/wp\/v2\/product_tag?post=43934"}],"curies":[{"name":"wp","href":"https:\/\/api.w.org\/{rel}","templated":true}]}}