{"id":43700,"date":"2024-03-12T17:45:59","date_gmt":"2024-03-12T15:45:59","guid":{"rendered":"https:\/\/www.kitarakuu.fi\/?post_type=product&#038;p=43700"},"modified":"2024-06-01T14:31:49","modified_gmt":"2024-06-01T11:31:49","slug":"epiphone-zephyr-emperor-regent-1953-natural","status":"publish","type":"product","link":"https:\/\/www.kitarakuu.fi\/en\/products\/kitarat\/epiphone-zephyr-emperor-regent-1953-natural\/","title":{"rendered":"Epiphone Zephyr Emperor Regent 1953 Natural"},"content":{"rendered":"<p><span style=\"font-size: 1rem;\">Harvinainen 50-luvun kitaroiden Cadillac. <\/span><span style=\"font-size: 1rem;\">Joitakin kutistuneiden reunalistojen korjauksia ja plektrasuojus on antautunut &#8220;valuvaksi&#8221; s\u00e4ilytyksess\u00e4. Hieno tasapainoinen sointi ja monipuolinen tonaalinen paletti mikrofonien pre-setpaneelin painokytkimill\u00e4. Loimuvaahteraa ja linnunsilm\u00e4vaahteraa. Alkuper\u00e4inen Lifton -laukku<\/span><\/p>\n<p><span style=\"font-size: 1rem;\">Overall condition\/repairs\/modifications: incredible, rare vintage gem W\/sweet tonal balance. Some typical binding shrinking in body, but it`s all there. Electronics\/pickups work perfectly. Nice flamey neck and top, some birdseye on back. Original &#8220;carousel&#8221; pot knobs.<\/span><\/p>\n<p>Body material: maple<br \/>\nNeck material: maple<br \/>\nFretboard material: ebony W\/fancy pearl blocks<br \/>\nFrets, life left: 30 %, still playable<br \/>\nPickups: original New York PU\u00b4s<br \/>\nMade in: USA<br \/>\nCase\/gigbag: original Lifton made &#8220;\u20ac&#8221; -case<br \/>\nWeight in Kg`s: 3,850<\/p>\n","protected":false},"excerpt":{"rendered":"<p>Harvinainen 50-luvun kitaroiden Cadillac. Joitakin kutistuneiden reunalistojen korjauksia ja plektrasuojus on antautunut &#8220;valuvaksi&#8221; s\u00e4ilytyksess\u00e4. Hieno tasapainoinen sointi ja monipuolinen tonaalinen paletti mikrofonien pre-setpaneelin painokytkimill\u00e4. Loimuvaahteraa ja linnunsilm\u00e4vaahteraa. Alkuper\u00e4inen Lifton -laukku Overall condition\/repairs\/modifications: incredible, rare vintage gem W\/sweet tonal balance. Some typical binding shrinking in body, but it`s all there. Electronics\/pickups work perfectly. Nice flamey neck [&hellip;]<\/p>\n","protected":false},"featured_media":43210,"comment_status":"closed","ping_status":"closed","template":"","meta":{"_acf_changed":false},"product_brand":[],"product_cat":[672,670],"product_tag":[],"class_list":{"0":"post-43700","1":"product","2":"type-product","3":"status-publish","4":"has-post-thumbnail","6":"product_cat-electric-guitars","7":"product_cat-guitars","8":"pa_valmistaja-epiphone","10":"first","11":"outofstock","12":"taxable","13":"shipping-taxable","14":"product-type-simple"},"acf":[],"_links":{"self":[{"href":"https:\/\/www.kitarakuu.fi\/en\/wp-json\/wp\/v2\/product\/43700","targetHints":{"allow":["GET"]}}],"collection":[{"href":"https:\/\/www.kitarakuu.fi\/en\/wp-json\/wp\/v2\/product"}],"about":[{"href":"https:\/\/www.kitarakuu.fi\/en\/wp-json\/wp\/v2\/types\/product"}],"replies":[{"embeddable":true,"href":"https:\/\/www.kitarakuu.fi\/en\/wp-json\/wp\/v2\/comments?post=43700"}],"wp:featuredmedia":[{"embeddable":true,"href":"https:\/\/www.kitarakuu.fi\/en\/wp-json\/wp\/v2\/media\/43210"}],"wp:attachment":[{"href":"https:\/\/www.kitarakuu.fi\/en\/wp-json\/wp\/v2\/media?parent=43700"}],"wp:term":[{"taxonomy":"product_brand","embeddable":true,"href":"https:\/\/www.kitarakuu.fi\/en\/wp-json\/wp\/v2\/product_brand?post=43700"},{"taxonomy":"product_cat","embeddable":true,"href":"https:\/\/www.kitarakuu.fi\/en\/wp-json\/wp\/v2\/product_cat?post=43700"},{"taxonomy":"product_tag","embeddable":true,"href":"https:\/\/www.kitarakuu.fi\/en\/wp-json\/wp\/v2\/product_tag?post=43700"}],"curies":[{"name":"wp","href":"https:\/\/api.w.org\/{rel}","templated":true}]}}