{"id":42169,"date":"2023-08-17T18:52:57","date_gmt":"2023-08-17T15:52:57","guid":{"rendered":"https:\/\/www.kitarakuu.fi\/tuotteet\/uncategorized\/silvertone-1311-lap-steel-1959\/"},"modified":"2024-02-20T12:51:48","modified_gmt":"2024-02-20T10:51:48","slug":"silvertone-1311-lap-steel-1959","status":"publish","type":"product","link":"https:\/\/www.kitarakuu.fi\/en\/products\/kitarat\/akustiset\/silvertone-1311-lap-steel-1959\/","title":{"rendered":"Silvertone 1311 Lap Steel 1959"},"content":{"rendered":"<p>Mainio kissalauta -vanhus, mutta vetre\u00e4ss\u00e4 kunnossa<\/p>\n<p>C6 -vireess\u00e4, nyt<\/p>\n<p>Se paras Valcon valmistama steel -mikki<\/p>\n","protected":false},"excerpt":{"rendered":"<p>Mainio kissalauta -vanhus, mutta vetre\u00e4ss\u00e4 kunnossa C6 -vireess\u00e4, nyt Se paras Valcon valmistama steel -mikki<\/p>\n","protected":false},"featured_media":41875,"comment_status":"closed","ping_status":"closed","template":"","meta":{"_acf_changed":false},"product_brand":[],"product_cat":[671,670],"product_tag":[],"class_list":{"0":"post-42169","1":"product","2":"type-product","3":"status-publish","4":"has-post-thumbnail","6":"product_cat-acoustic-guitars","7":"product_cat-guitars","8":"product_shipping_class-dbschenker-noutopistepaketti-en","9":"pa_valmistaja-valco","11":"first","12":"outofstock","13":"taxable","14":"shipping-taxable","15":"purchasable","16":"product-type-simple"},"acf":[],"_links":{"self":[{"href":"https:\/\/www.kitarakuu.fi\/en\/wp-json\/wp\/v2\/product\/42169","targetHints":{"allow":["GET"]}}],"collection":[{"href":"https:\/\/www.kitarakuu.fi\/en\/wp-json\/wp\/v2\/product"}],"about":[{"href":"https:\/\/www.kitarakuu.fi\/en\/wp-json\/wp\/v2\/types\/product"}],"replies":[{"embeddable":true,"href":"https:\/\/www.kitarakuu.fi\/en\/wp-json\/wp\/v2\/comments?post=42169"}],"wp:featuredmedia":[{"embeddable":true,"href":"https:\/\/www.kitarakuu.fi\/en\/wp-json\/wp\/v2\/media\/41875"}],"wp:attachment":[{"href":"https:\/\/www.kitarakuu.fi\/en\/wp-json\/wp\/v2\/media?parent=42169"}],"wp:term":[{"taxonomy":"product_brand","embeddable":true,"href":"https:\/\/www.kitarakuu.fi\/en\/wp-json\/wp\/v2\/product_brand?post=42169"},{"taxonomy":"product_cat","embeddable":true,"href":"https:\/\/www.kitarakuu.fi\/en\/wp-json\/wp\/v2\/product_cat?post=42169"},{"taxonomy":"product_tag","embeddable":true,"href":"https:\/\/www.kitarakuu.fi\/en\/wp-json\/wp\/v2\/product_tag?post=42169"}],"curies":[{"name":"wp","href":"https:\/\/api.w.org\/{rel}","templated":true}]}}