{"id":42168,"date":"2023-09-07T12:16:29","date_gmt":"2023-09-07T09:16:29","guid":{"rendered":"https:\/\/www.kitarakuu.fi\/tuotteet\/uncategorized\/swart-ast-atomic-space-tone-2008\/"},"modified":"2023-11-14T18:03:04","modified_gmt":"2023-11-14T16:03:04","slug":"swart-ast-atomic-space-tone-2008","status":"publish","type":"product","link":"https:\/\/www.kitarakuu.fi\/en\/products\/vahvistimet\/kombo\/swart-ast-atomic-space-tone-2008\/","title":{"rendered":"Swart AST Atomic Space Tone 2008"},"content":{"rendered":"<p>Mainio dynaaminen Space Tone perinne-estetiikalla<\/p>\n<p>2x6V6-p\u00e4\u00e4te(JJ), 2x12AX7(TAD), 12DW7(TAD) ja putkitasuri GZ34(TAD)<\/p>\n<p>P\u00f6lypussi<\/p>\n","protected":false},"excerpt":{"rendered":"<p>Mainio dynaaminen Space Tone perinne-estetiikalla 2x6V6-p\u00e4\u00e4te(JJ), 2x12AX7(TAD), 12DW7(TAD) ja putkitasuri GZ34(TAD) P\u00f6lypussi<\/p>\n","protected":false},"featured_media":40958,"comment_status":"closed","ping_status":"closed","template":"","meta":{"_acf_changed":false},"product_brand":[],"product_cat":[532,664,957],"product_tag":[],"class_list":{"0":"post-42168","1":"product","2":"type-product","3":"status-publish","4":"has-post-thumbnail","6":"product_cat-amps","7":"product_cat-combo","8":"product_cat-tube-amplifiers","9":"product_shipping_class-dbschenker-noutopistepaketti-en","10":"pa_valmistaja-swart","12":"first","13":"outofstock","14":"taxable","15":"shipping-taxable","16":"purchasable","17":"product-type-simple"},"acf":[],"_links":{"self":[{"href":"https:\/\/www.kitarakuu.fi\/en\/wp-json\/wp\/v2\/product\/42168","targetHints":{"allow":["GET"]}}],"collection":[{"href":"https:\/\/www.kitarakuu.fi\/en\/wp-json\/wp\/v2\/product"}],"about":[{"href":"https:\/\/www.kitarakuu.fi\/en\/wp-json\/wp\/v2\/types\/product"}],"replies":[{"embeddable":true,"href":"https:\/\/www.kitarakuu.fi\/en\/wp-json\/wp\/v2\/comments?post=42168"}],"wp:featuredmedia":[{"embeddable":true,"href":"https:\/\/www.kitarakuu.fi\/en\/wp-json\/wp\/v2\/media\/40958"}],"wp:attachment":[{"href":"https:\/\/www.kitarakuu.fi\/en\/wp-json\/wp\/v2\/media?parent=42168"}],"wp:term":[{"taxonomy":"product_brand","embeddable":true,"href":"https:\/\/www.kitarakuu.fi\/en\/wp-json\/wp\/v2\/product_brand?post=42168"},{"taxonomy":"product_cat","embeddable":true,"href":"https:\/\/www.kitarakuu.fi\/en\/wp-json\/wp\/v2\/product_cat?post=42168"},{"taxonomy":"product_tag","embeddable":true,"href":"https:\/\/www.kitarakuu.fi\/en\/wp-json\/wp\/v2\/product_tag?post=42168"}],"curies":[{"name":"wp","href":"https:\/\/api.w.org\/{rel}","templated":true}]}}