{"id":42164,"date":"2023-09-28T11:44:03","date_gmt":"2023-09-28T08:44:03","guid":{"rendered":"https:\/\/www.kitarakuu.fi\/tuotteet\/uncategorized\/shiro-sb-bass-japan\/"},"modified":"2024-01-18T11:49:17","modified_gmt":"2024-01-18T09:49:17","slug":"shiro-sb-bass-japan","status":"publish","type":"product","link":"https:\/\/www.kitarakuu.fi\/en\/products\/bassot\/shiro-sb-bass-japan\/","title":{"rendered":"Shiro SB Bass Japan 1980-l. alku&#8230;"},"content":{"rendered":"<p>Alkuper\u00e4inen laadukas P-bass -tyyppinen versio Shiro Arailta\/Matsumokun tehtaalta<\/p>\n<p>34 tuumaa piiitk\u00e4\u00e4 sointia -kaula l\u00e4pi rungon<\/p>\n<p>Messinkisatula vaihdettu grafiittiseen<\/p>\n<p>Alkuper\u00e4inen laukku<\/p>\n","protected":false},"excerpt":{"rendered":"<p>Alkuper\u00e4inen laadukas P-bass -tyyppinen versio Shiro Arailta\/Matsumokun tehtaalta 34 tuumaa piiitk\u00e4\u00e4 sointia -kaula l\u00e4pi rungon Messinkisatula vaihdettu grafiittiseen Alkuper\u00e4inen laukku<\/p>\n","protected":false},"featured_media":42065,"comment_status":"closed","ping_status":"closed","template":"","meta":{"_acf_changed":false},"product_brand":[],"product_cat":[577],"product_tag":[],"class_list":{"0":"post-42164","1":"product","2":"type-product","3":"status-publish","4":"has-post-thumbnail","6":"product_cat-bass-guitars","7":"product_shipping_class-dbschenker-noutopistepaketti-en","8":"pa_valmistaja-matsumoku","10":"first","11":"outofstock","12":"taxable","13":"shipping-taxable","14":"purchasable","15":"product-type-simple"},"acf":[],"_links":{"self":[{"href":"https:\/\/www.kitarakuu.fi\/en\/wp-json\/wp\/v2\/product\/42164","targetHints":{"allow":["GET"]}}],"collection":[{"href":"https:\/\/www.kitarakuu.fi\/en\/wp-json\/wp\/v2\/product"}],"about":[{"href":"https:\/\/www.kitarakuu.fi\/en\/wp-json\/wp\/v2\/types\/product"}],"replies":[{"embeddable":true,"href":"https:\/\/www.kitarakuu.fi\/en\/wp-json\/wp\/v2\/comments?post=42164"}],"wp:featuredmedia":[{"embeddable":true,"href":"https:\/\/www.kitarakuu.fi\/en\/wp-json\/wp\/v2\/media\/42065"}],"wp:attachment":[{"href":"https:\/\/www.kitarakuu.fi\/en\/wp-json\/wp\/v2\/media?parent=42164"}],"wp:term":[{"taxonomy":"product_brand","embeddable":true,"href":"https:\/\/www.kitarakuu.fi\/en\/wp-json\/wp\/v2\/product_brand?post=42164"},{"taxonomy":"product_cat","embeddable":true,"href":"https:\/\/www.kitarakuu.fi\/en\/wp-json\/wp\/v2\/product_cat?post=42164"},{"taxonomy":"product_tag","embeddable":true,"href":"https:\/\/www.kitarakuu.fi\/en\/wp-json\/wp\/v2\/product_tag?post=42164"}],"curies":[{"name":"wp","href":"https:\/\/api.w.org\/{rel}","templated":true}]}}