{"id":42163,"date":"2023-09-23T17:01:17","date_gmt":"2023-09-23T14:01:17","guid":{"rendered":"https:\/\/www.kitarakuu.fi\/tuotteet\/uncategorized\/epiphone-ej-16e-vc-john-lennon-signature-limited-edition-2012\/"},"modified":"2023-09-23T17:01:17","modified_gmt":"2023-09-23T14:01:17","slug":"epiphone-ej-16e-vc-john-lennon-signature-limited-edition-2012","status":"publish","type":"product","link":"https:\/\/www.kitarakuu.fi\/en\/products\/kitarat\/akustiset\/epiphone-ej-16e-vc-john-lennon-signature-limited-edition-2012\/","title":{"rendered":"Epiphone EJ-160E\/VC John Lennon Signature Limited Edition 2012"},"content":{"rendered":"<p>Huollettu, siisti kitara<\/p>\n<p>P-90 -mikrofoni kaulan tyvess\u00e4<\/p>\n<p>Kova tweed laukku, pari v\u00e4synytt\u00e4 helaa<\/p>\n","protected":false},"excerpt":{"rendered":"<p>Huollettu, siisti kitara P-90 -mikrofoni kaulan tyvess\u00e4 Kova tweed laukku, pari v\u00e4synytt\u00e4 helaa<\/p>\n","protected":false},"featured_media":41277,"comment_status":"open","ping_status":"closed","template":"","meta":{"_acf_changed":false},"product_brand":[],"product_cat":[671,670],"product_tag":[],"class_list":{"0":"post-42163","1":"product","2":"type-product","3":"status-publish","4":"has-post-thumbnail","6":"product_cat-acoustic-guitars","7":"product_cat-guitars","8":"product_shipping_class-dbschenker-noutopistepaketti-en","9":"pa_valmistaja-epiphone","11":"first","12":"outofstock","13":"taxable","14":"shipping-taxable","15":"purchasable","16":"product-type-simple"},"acf":[],"_links":{"self":[{"href":"https:\/\/www.kitarakuu.fi\/en\/wp-json\/wp\/v2\/product\/42163","targetHints":{"allow":["GET"]}}],"collection":[{"href":"https:\/\/www.kitarakuu.fi\/en\/wp-json\/wp\/v2\/product"}],"about":[{"href":"https:\/\/www.kitarakuu.fi\/en\/wp-json\/wp\/v2\/types\/product"}],"replies":[{"embeddable":true,"href":"https:\/\/www.kitarakuu.fi\/en\/wp-json\/wp\/v2\/comments?post=42163"}],"wp:featuredmedia":[{"embeddable":true,"href":"https:\/\/www.kitarakuu.fi\/en\/wp-json\/wp\/v2\/media\/41277"}],"wp:attachment":[{"href":"https:\/\/www.kitarakuu.fi\/en\/wp-json\/wp\/v2\/media?parent=42163"}],"wp:term":[{"taxonomy":"product_brand","embeddable":true,"href":"https:\/\/www.kitarakuu.fi\/en\/wp-json\/wp\/v2\/product_brand?post=42163"},{"taxonomy":"product_cat","embeddable":true,"href":"https:\/\/www.kitarakuu.fi\/en\/wp-json\/wp\/v2\/product_cat?post=42163"},{"taxonomy":"product_tag","embeddable":true,"href":"https:\/\/www.kitarakuu.fi\/en\/wp-json\/wp\/v2\/product_tag?post=42163"}],"curies":[{"name":"wp","href":"https:\/\/api.w.org\/{rel}","templated":true}]}}