{"id":42161,"date":"2023-10-14T15:21:36","date_gmt":"2023-10-14T12:21:36","guid":{"rendered":"https:\/\/www.kitarakuu.fi\/tuotteet\/uncategorized\/marshall-jcm-50-25w-model-2553-1989-bogner-shiva-112\/"},"modified":"2023-11-27T10:16:13","modified_gmt":"2023-11-27T08:16:13","slug":"marshall-jcm-50-25w-model-2553-1989-bogner-shiva-112","status":"publish","type":"product","link":"https:\/\/www.kitarakuu.fi\/en\/products\/vahvistimet\/nuppi-kaappi\/marshall-jcm-50-25w-model-2553-1989-bogner-shiva-112\/","title":{"rendered":"Marshall JCM 50\/25W MODEL 2553 1989 + Bogner Shiva 112"},"content":{"rendered":"<p>&#8220;Black Jubilee&#8221; -k<span style=\"font-size: 1rem;\">lassikko &#8211;<\/span><span style=\"font-size: 1rem;\">Rock\u00e4ndRollin majesteettinen sy\u00f6m\u00e4hammas!<\/span><\/p>\n<p>Huollettu &#8220;short box&#8221;, ulkoisesti jo hieman kauhtunut, mutta notkeasti v\u00e4\u00e4nt\u00e4v\u00e4 nuppi 1990 \u20ac<\/p>\n<p>Shiva on varustettu WGS Retro 30\/<span style=\"font-size: 1rem;\">60W<\/span><span style=\"font-size: 1rem;\">-kajauttimella &#8211; tiivissointinen, kevyt laatukaappi 580,00 \u20ac<\/span><\/p>\n<p>JC toimitti rivakat kuulumiset: <a href=\"https:\/\/www.kitarakuu.fi\/wp-content\/uploads\/2023\/10\/JC-Marshall-2553-JCM.mov\">JC Marshall 2553 JCM<\/a><\/p>\n<p>JC Halttunen:\u00a0<a href=\"https:\/\/www.facebook.com\/JCHalttunen\">https:\/\/www.facebook.com\/JCHalttunen<\/a><\/p>\n","protected":false},"excerpt":{"rendered":"<p>&#8220;Black Jubilee&#8221; -klassikko &#8211;Rock\u00e4ndRollin majesteettinen sy\u00f6m\u00e4hammas! Huollettu &#8220;short box&#8221;, ulkoisesti jo hieman kauhtunut, mutta notkeasti v\u00e4\u00e4nt\u00e4v\u00e4 nuppi 1990 \u20ac Shiva on varustettu WGS Retro 30\/60W-kajauttimella &#8211; tiivissointinen, kevyt laatukaappi 580,00 \u20ac JC toimitti rivakat kuulumiset: JC Marshall 2553 JCM JC Halttunen:\u00a0https:\/\/www.facebook.com\/JCHalttunen<\/p>\n","protected":false},"featured_media":41760,"comment_status":"closed","ping_status":"closed","template":"","meta":{"_acf_changed":false},"product_brand":[],"product_cat":[532,1289],"product_tag":[],"class_list":{"0":"post-42161","1":"product","2":"type-product","3":"status-publish","4":"has-post-thumbnail","6":"product_cat-amps","7":"product_cat-head-cabinet","8":"product_shipping_class-dbschenker-noutopistepaketti-en","9":"pa_valmistaja-marshall","11":"first","12":"outofstock","13":"taxable","14":"shipping-taxable","15":"purchasable","16":"product-type-simple"},"acf":[],"_links":{"self":[{"href":"https:\/\/www.kitarakuu.fi\/en\/wp-json\/wp\/v2\/product\/42161","targetHints":{"allow":["GET"]}}],"collection":[{"href":"https:\/\/www.kitarakuu.fi\/en\/wp-json\/wp\/v2\/product"}],"about":[{"href":"https:\/\/www.kitarakuu.fi\/en\/wp-json\/wp\/v2\/types\/product"}],"replies":[{"embeddable":true,"href":"https:\/\/www.kitarakuu.fi\/en\/wp-json\/wp\/v2\/comments?post=42161"}],"wp:featuredmedia":[{"embeddable":true,"href":"https:\/\/www.kitarakuu.fi\/en\/wp-json\/wp\/v2\/media\/41760"}],"wp:attachment":[{"href":"https:\/\/www.kitarakuu.fi\/en\/wp-json\/wp\/v2\/media?parent=42161"}],"wp:term":[{"taxonomy":"product_brand","embeddable":true,"href":"https:\/\/www.kitarakuu.fi\/en\/wp-json\/wp\/v2\/product_brand?post=42161"},{"taxonomy":"product_cat","embeddable":true,"href":"https:\/\/www.kitarakuu.fi\/en\/wp-json\/wp\/v2\/product_cat?post=42161"},{"taxonomy":"product_tag","embeddable":true,"href":"https:\/\/www.kitarakuu.fi\/en\/wp-json\/wp\/v2\/product_tag?post=42161"}],"curies":[{"name":"wp","href":"https:\/\/api.w.org\/{rel}","templated":true}]}}