{"id":42157,"date":"2025-03-17T16:57:19","date_gmt":"2025-03-17T14:57:19","guid":{"rendered":"https:\/\/www.kitarakuu.fi\/tuotteet\/uncategorized\/duesenberg-caribou-narvik-blue\/"},"modified":"2025-08-15T20:21:51","modified_gmt":"2025-08-15T17:21:51","slug":"duesenberg-caribou-narvik-blue","status":"publish","type":"product","link":"https:\/\/www.kitarakuu.fi\/en\/products\/kitarat\/sahkokitarat\/duesenberg-caribou-narvik-blue\/","title":{"rendered":"Duesenberg Caribou Narvik Blue"},"content":{"rendered":"<p><span class=\"fx-text fx-text--plus list-item__text\"><img loading=\"lazy\" decoding=\"async\" class=\"alignnone size-full wp-image-41885\" src=\"https:\/\/www.kitarakuu.fi\/wp-content\/uploads\/2023\/10\/Duesenber_guitars_logo.png\" alt=\"\" width=\"350\" height=\"192\" \/><\/span><\/p>\n<ul class=\"fx-list product-text__list\">\n<li class=\"fx-list__item list-item fx-list__item--circle\"><span class=\"fx-text fx-text--plus list-item__text\">Kammioitu lepp\u00e4 runko F -aukolla<\/span><\/li>\n<li class=\"fx-list__item list-item fx-list__item--circle\"><span class=\"fx-text fx-text--plus list-item__text\">Vaahterakaula, r<\/span><span class=\"fx-text fx-text--plus list-item__text\">uusupuuotelauta<\/span><\/li>\n<li class=\"fx-list__item list-item fx-list__item--circle\"><span class=\"fx-text fx-text--plus list-item__text\">Kaulaprofiili D<\/span><\/li>\n<li class=\"fx-list__item list-item fx-list__item--circle\"><span class=\"fx-text fx-text--plus list-item__text\">Otelaudan radius 12&#8243;<\/span><\/li>\n<li class=\"fx-list__item list-item fx-list__item--circle\"><span class=\"fx-text fx-text--plus list-item__text\">\u00a0Jumbonauhat 22<\/span><\/li>\n<li class=\"fx-list__item list-item fx-list__item--circle\"><span class=\"fx-text fx-text--plus list-item__text\">Scale: 650 mm<\/span><\/li>\n<li class=\"fx-list__item list-item fx-list__item--circle\"><span class=\"fx-text fx-text--plus list-item__text\">Nut width: 42.5 mm<\/span><\/li>\n<li class=\"fx-list__item list-item fx-list__item--circle\"><span class=\"fx-text fx-text--plus list-item__text\">Mikrofonit: Duesenberg single coil (kaula) ja humbucker (talla)<\/span><\/li>\n<li class=\"fx-list__item list-item fx-list__item--circle\"><span class=\"fx-text fx-text--plus list-item__text\">V ja T -s\u00e4\u00e4d\u00f6t, <\/span><span class=\"fx-text fx-text--plus list-item__text\">3-as. mikinvalitsin<\/span><\/li>\n<li class=\"fx-list__item list-item fx-list__item--circle\"><span class=\"fx-text fx-text--plus list-item__text\">Duesenberg Z virittimet, &#8220;Art Diego&#8221; nupeilla<\/span><\/li>\n<li class=\"fx-list__item list-item fx-list__item--circle\"><span class=\"fx-text fx-text--plus list-item__text\">Duesenberg -tremolo<\/span><\/li>\n<li>Duesenberg Premium -laukku<\/li>\n<li>UUSI soitin, hinta sis. ALV 25,5%<\/li>\n<\/ul>\n","protected":false},"excerpt":{"rendered":"<p>Kammioitu lepp\u00e4 runko F -aukolla Vaahterakaula, ruusupuuotelauta Kaulaprofiili D Otelaudan radius 12&#8243; \u00a0Jumbonauhat 22 Scale: 650 mm Nut width: 42.5 mm Mikrofonit: Duesenberg single coil (kaula) ja humbucker (talla) V ja T -s\u00e4\u00e4d\u00f6t, 3-as. mikinvalitsin Duesenberg Z virittimet, &#8220;Art Diego&#8221; nupeilla Duesenberg -tremolo Duesenberg Premium -laukku UUSI soitin, hinta sis. ALV 25,5%<\/p>\n","protected":false},"featured_media":48659,"comment_status":"closed","ping_status":"closed","template":"","meta":{"_acf_changed":false},"product_brand":[],"product_cat":[672,670],"product_tag":[],"class_list":{"0":"post-42157","1":"product","2":"type-product","3":"status-publish","4":"has-post-thumbnail","6":"product_cat-electric-guitars","7":"product_cat-guitars","8":"product_shipping_class-dbschenker-noutopistepaketti-en","9":"pa_valmistaja-duesenberg-en","11":"first","12":"instock","13":"taxable","14":"shipping-taxable","15":"purchasable","16":"product-type-simple"},"acf":[],"_links":{"self":[{"href":"https:\/\/www.kitarakuu.fi\/en\/wp-json\/wp\/v2\/product\/42157","targetHints":{"allow":["GET"]}}],"collection":[{"href":"https:\/\/www.kitarakuu.fi\/en\/wp-json\/wp\/v2\/product"}],"about":[{"href":"https:\/\/www.kitarakuu.fi\/en\/wp-json\/wp\/v2\/types\/product"}],"replies":[{"embeddable":true,"href":"https:\/\/www.kitarakuu.fi\/en\/wp-json\/wp\/v2\/comments?post=42157"}],"wp:featuredmedia":[{"embeddable":true,"href":"https:\/\/www.kitarakuu.fi\/en\/wp-json\/wp\/v2\/media\/48659"}],"wp:attachment":[{"href":"https:\/\/www.kitarakuu.fi\/en\/wp-json\/wp\/v2\/media?parent=42157"}],"wp:term":[{"taxonomy":"product_brand","embeddable":true,"href":"https:\/\/www.kitarakuu.fi\/en\/wp-json\/wp\/v2\/product_brand?post=42157"},{"taxonomy":"product_cat","embeddable":true,"href":"https:\/\/www.kitarakuu.fi\/en\/wp-json\/wp\/v2\/product_cat?post=42157"},{"taxonomy":"product_tag","embeddable":true,"href":"https:\/\/www.kitarakuu.fi\/en\/wp-json\/wp\/v2\/product_tag?post=42157"}],"curies":[{"name":"wp","href":"https:\/\/api.w.org\/{rel}","templated":true}]}}