{"id":42156,"date":"2025-04-17T16:58:06","date_gmt":"2025-04-17T13:58:06","guid":{"rendered":"https:\/\/www.kitarakuu.fi\/tuotteet\/uncategorized\/duesenberg-paloma-narvik-blue\/"},"modified":"2025-10-18T09:41:40","modified_gmt":"2025-10-18T06:41:40","slug":"duesenberg-paloma-narvik-blue","status":"publish","type":"product","link":"https:\/\/www.kitarakuu.fi\/en\/products\/kitarat\/sahkokitarat\/duesenberg-paloma-narvik-blue\/","title":{"rendered":"Duesenberg Paloma Narvik Blue"},"content":{"rendered":"<p><img loading=\"lazy\" decoding=\"async\" class=\"alignnone size-full wp-image-41885\" src=\"https:\/\/www.kitarakuu.fi\/wp-content\/uploads\/2023\/10\/Duesenber_guitars_logo.png\" alt=\"\" width=\"350\" height=\"192\" \/><\/p>\n<p>Duesenberg -s\u00e4hk\u00f6kitaroissa kulminoituu korkealuokkainen saksalainen laatu ja soitinrakennustaito. Kaikissa Duesenberg -kitaroissa yhdistyy omaleimainen Art Deco -tyyli ja nykyaikaiset innovatiiviset ratkaisut. Monik\u00e4ytt\u00f6isess\u00e4 Paloma -s\u00e4hk\u00f6kitarassa on kokopuinen lepp\u00e4runko ja siin\u00e4 on kaksi Duesenberg -yksikelaista mikrofonia sek\u00e4 Duesenberg GrandVintage humbucker -mikrofoni. Palomassa on my\u00f6s lyhyt Duesenberg <span style=\"font-size: 1rem;\">Diamond Deluxe Tremola.<\/span><\/p>\n<ul class=\"fx-list product-text__list\">\n<li>Lepp\u00e4runko<\/li>\n<li class=\"fx-list__item list-item fx-list__item--circle\"><span class=\"fx-text fx-text--plus list-item__text\">Vaahterakaula ruusupuuotelaudalla<\/span><\/li>\n<li class=\"fx-list__item list-item fx-list__item--circle\"><span class=\"fx-text fx-text--plus list-item__text\">2-toiminen kaularauta<\/span><\/li>\n<li class=\"fx-list__item list-item fx-list__item--circle\"><span class=\"fx-text fx-text--plus list-item__text\">Otelaudan radius: 12&#8243;<\/span><\/li>\n<li class=\"fx-list__item list-item fx-list__item--circle\"><span class=\"fx-text fx-text--plus list-item__text\">Otelaudan leveys satulalla: 42 mm<\/span><\/li>\n<li class=\"fx-list__item list-item fx-list__item--circle\"><span class=\"fx-text fx-text--plus list-item__text\">Skaala: 25,5&#8243;\u00a0<\/span><\/li>\n<li class=\"fx-list__item list-item fx-list__item--circle\"><span class=\"fx-text fx-text--plus list-item__text\">22 Jumbonauhaa<\/span><\/li>\n<li class=\"fx-list__item list-item fx-list__item--circle\"><span class=\"fx-text fx-text--plus list-item__text\">Mikrofonit: Grand Vintage humbucker (talla), Pearlito single coil (middle) and Alnico-Blade single coil (kaula<\/span><\/li>\n<li class=\"fx-list__item list-item fx-list__item--circle\"><span class=\"fx-text fx-text--plus list-item__text\">4-as. mikkikytkin, volume ja tone<\/span><\/li>\n<li class=\"fx-list__item list-item fx-list__item--circle\"><span style=\"font-size: 1rem;\">Diamond Deluxe Tremola<\/span><\/li>\n<li class=\"fx-list__item list-item fx-list__item--circle\">Duesenberg Premium -laukku<\/li>\n<li>Uusi soitin -hinta sis. 24% Alv<\/li>\n<\/ul>\n","protected":false},"excerpt":{"rendered":"<p>Duesenberg -s\u00e4hk\u00f6kitaroissa kulminoituu korkealuokkainen saksalainen laatu ja soitinrakennustaito. Kaikissa Duesenberg -kitaroissa yhdistyy omaleimainen Art Deco -tyyli ja nykyaikaiset innovatiiviset ratkaisut. Monik\u00e4ytt\u00f6isess\u00e4 Paloma -s\u00e4hk\u00f6kitarassa on kokopuinen lepp\u00e4runko ja siin\u00e4 on kaksi Duesenberg -yksikelaista mikrofonia sek\u00e4 Duesenberg GrandVintage humbucker -mikrofoni. Palomassa on my\u00f6s lyhyt Duesenberg Diamond Deluxe Tremola. Lepp\u00e4runko Vaahterakaula ruusupuuotelaudalla 2-toiminen kaularauta Otelaudan radius: 12&#8243; Otelaudan [&hellip;]<\/p>\n","protected":false},"featured_media":41837,"comment_status":"closed","ping_status":"closed","template":"","meta":{"_acf_changed":false},"product_brand":[],"product_cat":[672,670],"product_tag":[],"class_list":{"0":"post-42156","1":"product","2":"type-product","3":"status-publish","4":"has-post-thumbnail","6":"product_cat-electric-guitars","7":"product_cat-guitars","8":"product_shipping_class-dbschenker-noutopistepaketti-en","9":"pa_valmistaja-duesenberg-en","11":"first","12":"outofstock","13":"taxable","14":"shipping-taxable","15":"product-type-simple"},"acf":[],"_links":{"self":[{"href":"https:\/\/www.kitarakuu.fi\/en\/wp-json\/wp\/v2\/product\/42156","targetHints":{"allow":["GET"]}}],"collection":[{"href":"https:\/\/www.kitarakuu.fi\/en\/wp-json\/wp\/v2\/product"}],"about":[{"href":"https:\/\/www.kitarakuu.fi\/en\/wp-json\/wp\/v2\/types\/product"}],"replies":[{"embeddable":true,"href":"https:\/\/www.kitarakuu.fi\/en\/wp-json\/wp\/v2\/comments?post=42156"}],"wp:featuredmedia":[{"embeddable":true,"href":"https:\/\/www.kitarakuu.fi\/en\/wp-json\/wp\/v2\/media\/41837"}],"wp:attachment":[{"href":"https:\/\/www.kitarakuu.fi\/en\/wp-json\/wp\/v2\/media?parent=42156"}],"wp:term":[{"taxonomy":"product_brand","embeddable":true,"href":"https:\/\/www.kitarakuu.fi\/en\/wp-json\/wp\/v2\/product_brand?post=42156"},{"taxonomy":"product_cat","embeddable":true,"href":"https:\/\/www.kitarakuu.fi\/en\/wp-json\/wp\/v2\/product_cat?post=42156"},{"taxonomy":"product_tag","embeddable":true,"href":"https:\/\/www.kitarakuu.fi\/en\/wp-json\/wp\/v2\/product_tag?post=42156"}],"curies":[{"name":"wp","href":"https:\/\/api.w.org\/{rel}","templated":true}]}}