{"id":41328,"date":"2023-09-19T19:41:13","date_gmt":"2023-09-19T16:41:13","guid":{"rendered":"https:\/\/www.kitarakuu.fi\/tuotteet\/uncategorized\/gretsch-g6122t-62vs-chet-atkinscgws-2020\/"},"modified":"2024-03-06T10:29:36","modified_gmt":"2024-03-06T08:29:36","slug":"gretsch-g6122t-62vs-chet-atkinscgws-2020","status":"publish","type":"product","link":"https:\/\/www.kitarakuu.fi\/en\/products\/kitarat\/sahkokitarat\/gretsch-g6122t-62vs-chet-atkinscgws-2020\/","title":{"rendered":"Gretsch G6122T-62VS Chet Atkins CGWS 2020"},"content":{"rendered":"<p>Viel\u00e4 hieman uutuuttaankin koreileva Chet Atkins Country Gentleman TV Jones -mikeill\u00e4<\/p>\n<p>Alkuper\u00e4inen laukku kaikkine papereineen, ty\u00f6kaluineen<\/p>\n","protected":false},"excerpt":{"rendered":"<p>Viel\u00e4 hieman uutuuttaankin koreileva Chet Atkins Country Gentleman TV Jones -mikeill\u00e4 Alkuper\u00e4inen laukku kaikkine papereineen, ty\u00f6kaluineen<\/p>\n","protected":false},"featured_media":41222,"comment_status":"closed","ping_status":"closed","template":"","meta":{"_acf_changed":false},"product_brand":[],"product_cat":[672,670],"product_tag":[],"class_list":{"0":"post-41328","1":"product","2":"type-product","3":"status-publish","4":"has-post-thumbnail","6":"product_cat-electric-guitars","7":"product_cat-guitars","8":"product_shipping_class-dbschenker-noutopistepaketti-en","9":"pa_valmistaja-gretsch","11":"first","12":"outofstock","13":"taxable","14":"shipping-taxable","15":"product-type-simple"},"acf":[],"_links":{"self":[{"href":"https:\/\/www.kitarakuu.fi\/en\/wp-json\/wp\/v2\/product\/41328","targetHints":{"allow":["GET"]}}],"collection":[{"href":"https:\/\/www.kitarakuu.fi\/en\/wp-json\/wp\/v2\/product"}],"about":[{"href":"https:\/\/www.kitarakuu.fi\/en\/wp-json\/wp\/v2\/types\/product"}],"replies":[{"embeddable":true,"href":"https:\/\/www.kitarakuu.fi\/en\/wp-json\/wp\/v2\/comments?post=41328"}],"wp:featuredmedia":[{"embeddable":true,"href":"https:\/\/www.kitarakuu.fi\/en\/wp-json\/wp\/v2\/media\/41222"}],"wp:attachment":[{"href":"https:\/\/www.kitarakuu.fi\/en\/wp-json\/wp\/v2\/media?parent=41328"}],"wp:term":[{"taxonomy":"product_brand","embeddable":true,"href":"https:\/\/www.kitarakuu.fi\/en\/wp-json\/wp\/v2\/product_brand?post=41328"},{"taxonomy":"product_cat","embeddable":true,"href":"https:\/\/www.kitarakuu.fi\/en\/wp-json\/wp\/v2\/product_cat?post=41328"},{"taxonomy":"product_tag","embeddable":true,"href":"https:\/\/www.kitarakuu.fi\/en\/wp-json\/wp\/v2\/product_tag?post=41328"}],"curies":[{"name":"wp","href":"https:\/\/api.w.org\/{rel}","templated":true}]}}