{"id":40936,"date":"2024-11-08T17:17:45","date_gmt":"2024-11-08T15:17:45","guid":{"rendered":"https:\/\/www.kitarakuu.fi\/tuotteet\/uncategorized\/kauffmann-guitars-56-s-medium-aged-sherwood-green\/"},"modified":"2025-05-01T15:12:01","modified_gmt":"2025-05-01T12:12:01","slug":"kauffmann-guitars-56-s-medium-aged-sherwood-green","status":"publish","type":"product","link":"https:\/\/www.kitarakuu.fi\/en\/products\/kitarat\/sahkokitarat\/kauffmann-guitars-56-s-medium-aged-sherwood-green\/","title":{"rendered":"Kauffmann Guitars 56 S Medium Aged Sherwood  Green"},"content":{"rendered":"<p>Kevyt, tasapainoisesti soiva 50`s Kauffmann 56 S \u201dMedium Aged\u201d -relikoitu laatukitara l\u00e4mp\u00f6k\u00e4sitellyll\u00e4 vaahteraotelaudalla<\/p>\n<p>Otelaudan leveys satulalla 43 mm<\/p>\n<p><strong>Varttisahattu paahtovaahterakaula<\/strong>, paulowniarunko (keisaripuu)<\/p>\n<p>10\u2033 otelaudan radius<\/p>\n<p>S\u00e4\u00e4d\u00f6t: mastervolume ja mastertone, takimmaisen tonepotikan tilalla blendertoiminto (kaula- ja tallamikin portaaton miksaus yhdess\u00e4) vakiona, kuten my\u00f6s treble bleed (kondensaattori+vastus). Laadukkaat elektroniikkaosat: CTS, Sprague<\/p>\n<p>Gotoh -talla ja -virittimet, Highwood tallapalat<\/p>\n<p>6105 nauhat<\/p>\n<p>Tukeva, kevyt keikkakassi<\/p>\n<p>Uusi soitin -Hinta sis. 25,5% Alv<\/p>\n","protected":false},"excerpt":{"rendered":"<p>Kevyt, tasapainoisesti soiva 50`s Kauffmann 56 S \u201dMedium Aged\u201d -relikoitu laatukitara l\u00e4mp\u00f6k\u00e4sitellyll\u00e4 vaahteraotelaudalla Otelaudan leveys satulalla 43 mm Varttisahattu paahtovaahterakaula, paulowniarunko (keisaripuu) 10\u2033 otelaudan radius S\u00e4\u00e4d\u00f6t: mastervolume ja mastertone, takimmaisen tonepotikan tilalla blendertoiminto (kaula- ja tallamikin portaaton miksaus yhdess\u00e4) vakiona, kuten my\u00f6s treble bleed (kondensaattori+vastus). Laadukkaat elektroniikkaosat: CTS, Sprague Gotoh -talla ja -virittimet, Highwood tallapalat [&hellip;]<\/p>\n","protected":false},"featured_media":48719,"comment_status":"closed","ping_status":"closed","template":"","meta":{"_acf_changed":false},"product_brand":[],"product_cat":[672,670,1417],"product_tag":[],"class_list":{"0":"post-40936","1":"product","2":"type-product","3":"status-publish","4":"has-post-thumbnail","6":"product_cat-electric-guitars","7":"product_cat-guitars","8":"product_cat-kauffmann-guitars-en","9":"product_shipping_class-dbschenker-noutopistepaketti-en","10":"pa_valmistaja-kauffmann-guitars","12":"first","13":"instock","14":"taxable","15":"shipping-taxable","16":"purchasable","17":"product-type-simple"},"acf":[],"_links":{"self":[{"href":"https:\/\/www.kitarakuu.fi\/en\/wp-json\/wp\/v2\/product\/40936","targetHints":{"allow":["GET"]}}],"collection":[{"href":"https:\/\/www.kitarakuu.fi\/en\/wp-json\/wp\/v2\/product"}],"about":[{"href":"https:\/\/www.kitarakuu.fi\/en\/wp-json\/wp\/v2\/types\/product"}],"replies":[{"embeddable":true,"href":"https:\/\/www.kitarakuu.fi\/en\/wp-json\/wp\/v2\/comments?post=40936"}],"wp:featuredmedia":[{"embeddable":true,"href":"https:\/\/www.kitarakuu.fi\/en\/wp-json\/wp\/v2\/media\/48719"}],"wp:attachment":[{"href":"https:\/\/www.kitarakuu.fi\/en\/wp-json\/wp\/v2\/media?parent=40936"}],"wp:term":[{"taxonomy":"product_brand","embeddable":true,"href":"https:\/\/www.kitarakuu.fi\/en\/wp-json\/wp\/v2\/product_brand?post=40936"},{"taxonomy":"product_cat","embeddable":true,"href":"https:\/\/www.kitarakuu.fi\/en\/wp-json\/wp\/v2\/product_cat?post=40936"},{"taxonomy":"product_tag","embeddable":true,"href":"https:\/\/www.kitarakuu.fi\/en\/wp-json\/wp\/v2\/product_tag?post=40936"}],"curies":[{"name":"wp","href":"https:\/\/api.w.org\/{rel}","templated":true}]}}