{"id":40271,"date":"2022-05-25T13:45:35","date_gmt":"2022-05-25T10:45:35","guid":{"rendered":"https:\/\/www.kitarakuu.fi\/tuotteet\/uncategorized\/kauffmann-guitars-63-s-heavy-aged-fiesta-red\/"},"modified":"2023-09-17T11:01:57","modified_gmt":"2023-09-17T08:01:57","slug":"kauffmann-guitars-63-s-heavy-aged-fiesta-red","status":"publish","type":"product","link":"https:\/\/www.kitarakuu.fi\/en\/products\/guitars\/kauffmann-guitars-63-s-heavy-aged-fiesta-red\/","title":{"rendered":"Kauffmann Guitars 63 S Heavy Aged Fiesta Red -SOLD-"},"content":{"rendered":"<p>Kevyt, tasapainoisesti soiva 60`s Kauffmann 63 S \u201dHeavy Aged\u201d -relikoitu laatukitara<\/p>\n<p>Otelaudan leveys satulalla 43 mm<\/p>\n<p><strong>Varttisahattu paahtovaahterakaula<\/strong>, paulowniarunko (keisaripuu)<\/p>\n<p>10\u2033 otelaudan radius<\/p>\n<p>S\u00e4\u00e4d\u00f6t: mastervolume ja mastertone, takimmaisen tonepotikan tilalla blendertoiminto (kaula- ja tallamikin portaaton miksaus yhdess\u00e4) vakiona, kuten my\u00f6s treble bleed (kondensaattori+vastus). Laadukkaat elektroniikkaosat: CTS, Sprague<\/p>\n<p>Gotoh -talla ja -virittimet<\/p>\n<p>6105 nauhat<\/p>\n<p>Tukeva, kevyt keikkakassi<\/p>\n<p>Hinta sis. 24% Alv<\/p>\n","protected":false},"excerpt":{"rendered":"<p>Kevyt, tasapainoisesti soiva 60`s Kauffmann 63 S \u201dHeavy Aged\u201d -relikoitu laatukitara Otelaudan leveys satulalla 43 mm Varttisahattu paahtovaahterakaula, paulowniarunko (keisaripuu) 10\u2033 otelaudan radius S\u00e4\u00e4d\u00f6t: mastervolume ja mastertone, takimmaisen tonepotikan tilalla blendertoiminto (kaula- ja tallamikin portaaton miksaus yhdess\u00e4) vakiona, kuten my\u00f6s treble bleed (kondensaattori+vastus). Laadukkaat elektroniikkaosat: CTS, Sprague Gotoh -talla ja -virittimet 6105 nauhat Tukeva, kevyt [&hellip;]<\/p>\n","protected":false},"featured_media":40104,"comment_status":"closed","ping_status":"closed","template":"","meta":{"_acf_changed":false},"product_brand":[],"product_cat":[1417],"product_tag":[],"class_list":{"0":"post-40271","1":"product","2":"type-product","3":"status-publish","4":"has-post-thumbnail","6":"product_cat-kauffmann-guitars-en","7":"product_shipping_class-dbschenker-noutopistepaketti-en","8":"pa_valmistaja-kauffmann-guitars","10":"first","11":"outofstock","12":"taxable","13":"shipping-taxable","14":"product-type-simple"},"acf":[],"_links":{"self":[{"href":"https:\/\/www.kitarakuu.fi\/en\/wp-json\/wp\/v2\/product\/40271","targetHints":{"allow":["GET"]}}],"collection":[{"href":"https:\/\/www.kitarakuu.fi\/en\/wp-json\/wp\/v2\/product"}],"about":[{"href":"https:\/\/www.kitarakuu.fi\/en\/wp-json\/wp\/v2\/types\/product"}],"replies":[{"embeddable":true,"href":"https:\/\/www.kitarakuu.fi\/en\/wp-json\/wp\/v2\/comments?post=40271"}],"wp:featuredmedia":[{"embeddable":true,"href":"https:\/\/www.kitarakuu.fi\/en\/wp-json\/wp\/v2\/media\/40104"}],"wp:attachment":[{"href":"https:\/\/www.kitarakuu.fi\/en\/wp-json\/wp\/v2\/media?parent=40271"}],"wp:term":[{"taxonomy":"product_brand","embeddable":true,"href":"https:\/\/www.kitarakuu.fi\/en\/wp-json\/wp\/v2\/product_brand?post=40271"},{"taxonomy":"product_cat","embeddable":true,"href":"https:\/\/www.kitarakuu.fi\/en\/wp-json\/wp\/v2\/product_cat?post=40271"},{"taxonomy":"product_tag","embeddable":true,"href":"https:\/\/www.kitarakuu.fi\/en\/wp-json\/wp\/v2\/product_tag?post=40271"}],"curies":[{"name":"wp","href":"https:\/\/api.w.org\/{rel}","templated":true}]}}