{"id":40269,"date":"2023-08-02T08:40:51","date_gmt":"2023-08-02T05:40:51","guid":{"rendered":"https:\/\/www.kitarakuu.fi\/tuotteet\/uncategorized\/jam-pedals-ripple-phaser\/"},"modified":"2023-08-02T08:40:51","modified_gmt":"2023-08-02T05:40:51","slug":"jam-pedals-ripple-phaser","status":"publish","type":"product","link":"https:\/\/www.kitarakuu.fi\/en\/products\/efektit\/kaytetyt\/jam-pedals-ripple-phaser\/","title":{"rendered":"JAM Pedals Ripple Phaser"},"content":{"rendered":"<p>Mainio k\u00e4sity\u00f6n\u00e4 tehty true bypass -pedaali<\/p>\n<p>Uudenveroinen pakkauksineen<\/p>\n","protected":false},"excerpt":{"rendered":"<p>Mainio k\u00e4sity\u00f6n\u00e4 tehty true bypass -pedaali Uudenveroinen pakkauksineen<\/p>\n","protected":false},"featured_media":40075,"comment_status":"open","ping_status":"closed","template":"","meta":{"_acf_changed":false},"product_brand":[],"product_cat":[1439,1063],"product_tag":[],"class_list":{"0":"post-40269","1":"product","2":"type-product","3":"status-publish","4":"has-post-thumbnail","6":"product_cat-effects-pedals","7":"product_cat-used-effects-pedals","9":"first","10":"outofstock","11":"taxable","12":"shipping-taxable","13":"purchasable","14":"product-type-simple"},"acf":[],"_links":{"self":[{"href":"https:\/\/www.kitarakuu.fi\/en\/wp-json\/wp\/v2\/product\/40269","targetHints":{"allow":["GET"]}}],"collection":[{"href":"https:\/\/www.kitarakuu.fi\/en\/wp-json\/wp\/v2\/product"}],"about":[{"href":"https:\/\/www.kitarakuu.fi\/en\/wp-json\/wp\/v2\/types\/product"}],"replies":[{"embeddable":true,"href":"https:\/\/www.kitarakuu.fi\/en\/wp-json\/wp\/v2\/comments?post=40269"}],"wp:featuredmedia":[{"embeddable":true,"href":"https:\/\/www.kitarakuu.fi\/en\/wp-json\/wp\/v2\/media\/40075"}],"wp:attachment":[{"href":"https:\/\/www.kitarakuu.fi\/en\/wp-json\/wp\/v2\/media?parent=40269"}],"wp:term":[{"taxonomy":"product_brand","embeddable":true,"href":"https:\/\/www.kitarakuu.fi\/en\/wp-json\/wp\/v2\/product_brand?post=40269"},{"taxonomy":"product_cat","embeddable":true,"href":"https:\/\/www.kitarakuu.fi\/en\/wp-json\/wp\/v2\/product_cat?post=40269"},{"taxonomy":"product_tag","embeddable":true,"href":"https:\/\/www.kitarakuu.fi\/en\/wp-json\/wp\/v2\/product_tag?post=40269"}],"curies":[{"name":"wp","href":"https:\/\/api.w.org\/{rel}","templated":true}]}}