{"id":40033,"date":"2022-10-06T15:55:02","date_gmt":"2022-10-06T12:55:02","guid":{"rendered":"https:\/\/www.kitarakuu.fi\/tuotteet\/uncategorized\/kauffmann-63-s-olympic-white-medium-aged\/"},"modified":"2023-09-17T11:02:47","modified_gmt":"2023-09-17T08:02:47","slug":"kauffmann-63-s-olympic-white-medium-aged","status":"publish","type":"product","link":"https:\/\/www.kitarakuu.fi\/en\/products\/guitars\/kauffman-guitars-en\/kauffmann-63-s-olympic-white-medium-aged\/","title":{"rendered":"Kauffmann Guitars 63 S Olympic White Medium Aged -SOLD-"},"content":{"rendered":"<p>Kevyt, tasapainoisesti soiva 60`s Kauffmann 63 S \u201dMedium Aged\u201d -relikoitu laatukitara<\/p>\n<p>Otelaudan leveys satulalla 43 mm<\/p>\n<p><strong>Varttisahattu paahtovaahterakaula<\/strong>, paulowniarunko (keisaripuu)<\/p>\n<p>9\u00bd\u2033 otelaudan radius<\/p>\n<p>S\u00e4\u00e4d\u00f6t: mastervolume ja mastertone, takimmaisen tonepotikan tilalla blendertoiminto (kaula- ja tallamikin portaaton miksaus yhdess\u00e4) vakiona, kuten my\u00f6s treble bleed (kondensaattori+vastus). Laadukkaat elektroniikkaosat: CTS, Sprague<\/p>\n<p>Gotoh -talla ja -virittimet<\/p>\n<p>6105 nauhat<\/p>\n<p>Tukeva, kevyt keikkakassi<\/p>\n<p>Hinta sis. 24% Alv<\/p>\n","protected":false},"excerpt":{"rendered":"<p>Kevyt, tasapainoisesti soiva 60`s Kauffmann 63 S \u201dMedium Aged\u201d -relikoitu laatukitara Otelaudan leveys satulalla 43 mm Varttisahattu paahtovaahterakaula, paulowniarunko (keisaripuu) 9\u00bd\u2033 otelaudan radius S\u00e4\u00e4d\u00f6t: mastervolume ja mastertone, takimmaisen tonepotikan tilalla blendertoiminto (kaula- ja tallamikin portaaton miksaus yhdess\u00e4) vakiona, kuten my\u00f6s treble bleed (kondensaattori+vastus). Laadukkaat elektroniikkaosat: CTS, Sprague Gotoh -talla ja -virittimet 6105 nauhat Tukeva, kevyt [&hellip;]<\/p>\n","protected":false},"featured_media":39887,"comment_status":"closed","ping_status":"closed","template":"","meta":{"_acf_changed":false},"product_brand":[],"product_cat":[1417],"product_tag":[],"class_list":{"0":"post-40033","1":"product","2":"type-product","3":"status-publish","4":"has-post-thumbnail","6":"product_cat-kauffmann-guitars-en","7":"product_shipping_class-dbschenker-noutopistepaketti-en","8":"pa_valmistaja-kauffmann-guitars","10":"first","11":"outofstock","12":"taxable","13":"shipping-taxable","14":"product-type-simple"},"acf":[],"_links":{"self":[{"href":"https:\/\/www.kitarakuu.fi\/en\/wp-json\/wp\/v2\/product\/40033","targetHints":{"allow":["GET"]}}],"collection":[{"href":"https:\/\/www.kitarakuu.fi\/en\/wp-json\/wp\/v2\/product"}],"about":[{"href":"https:\/\/www.kitarakuu.fi\/en\/wp-json\/wp\/v2\/types\/product"}],"replies":[{"embeddable":true,"href":"https:\/\/www.kitarakuu.fi\/en\/wp-json\/wp\/v2\/comments?post=40033"}],"wp:featuredmedia":[{"embeddable":true,"href":"https:\/\/www.kitarakuu.fi\/en\/wp-json\/wp\/v2\/media\/39887"}],"wp:attachment":[{"href":"https:\/\/www.kitarakuu.fi\/en\/wp-json\/wp\/v2\/media?parent=40033"}],"wp:term":[{"taxonomy":"product_brand","embeddable":true,"href":"https:\/\/www.kitarakuu.fi\/en\/wp-json\/wp\/v2\/product_brand?post=40033"},{"taxonomy":"product_cat","embeddable":true,"href":"https:\/\/www.kitarakuu.fi\/en\/wp-json\/wp\/v2\/product_cat?post=40033"},{"taxonomy":"product_tag","embeddable":true,"href":"https:\/\/www.kitarakuu.fi\/en\/wp-json\/wp\/v2\/product_tag?post=40033"}],"curies":[{"name":"wp","href":"https:\/\/api.w.org\/{rel}","templated":true}]}}