{"id":40032,"date":"2025-10-18T17:36:49","date_gmt":"2025-10-18T14:36:49","guid":{"rendered":"https:\/\/www.kitarakuu.fi\/tuotteet\/uncategorized\/kauffmann-56-t-butterscotch-medium-relic\/"},"modified":"2026-04-10T07:19:44","modified_gmt":"2026-04-10T04:19:44","slug":"kauffmann-56-t-butterscotch-medium-relic","status":"publish","type":"product","link":"https:\/\/www.kitarakuu.fi\/en\/products\/kitarat\/kauffman-guitars\/kauffmann-56-t-butterscotch-medium-relic\/","title":{"rendered":"Kauffmann Guitars 56 T Butterscotch Medium Aged ***VARATTU***"},"content":{"rendered":"<p>Huipputele perinnespekseill\u00e4 perustelluin p\u00e4ivityksin<\/p>\n<p><strong>Varttisahattu paahtovaahterakaula<\/strong> py\u00f6ristetyll\u00e4 C-profiilin kaulalla, otelaudan radius 10\u2033, paahtovaahteraotelauta<\/p>\n<p>Paulowniarunko (keisaripuu) tuottaa osansa akustisestikin tasapainoisesta ja anteliaasta soinnista<\/p>\n<p>Mainiot Kauffmannin omat SOW T -mikit<\/p>\n<p>Treble bleed vakiona<\/p>\n<p>Laadukas Gotoh -rautatavara<\/p>\n<p>Medium -relikoitu estetiikka<\/p>\n<p>Alkuper\u00e4inen pehmolaukku<\/p>\n","protected":false},"excerpt":{"rendered":"<p>Huipputele perinnespekseill\u00e4 perustelluin p\u00e4ivityksin Varttisahattu paahtovaahterakaula py\u00f6ristetyll\u00e4 C-profiilin kaulalla, otelaudan radius 10\u2033, paahtovaahteraotelauta Paulowniarunko (keisaripuu) tuottaa osansa akustisestikin tasapainoisesta ja anteliaasta soinnista Mainiot Kauffmannin omat SOW T -mikit Treble bleed vakiona Laadukas Gotoh -rautatavara Medium -relikoitu estetiikka Alkuper\u00e4inen pehmolaukku<\/p>\n","protected":false},"featured_media":49334,"comment_status":"closed","ping_status":"closed","template":"","meta":{"_acf_changed":false},"product_brand":[],"product_cat":[672,670,1417],"product_tag":[],"class_list":{"0":"post-40032","1":"product","2":"type-product","3":"status-publish","4":"has-post-thumbnail","6":"product_cat-electric-guitars","7":"product_cat-guitars","8":"product_cat-kauffmann-guitars-en","9":"product_shipping_class-dbschenker-noutopistepaketti-en","10":"pa_valmistaja-kauffmann-guitars","12":"first","13":"instock","14":"taxable","15":"shipping-taxable","16":"purchasable","17":"product-type-simple"},"acf":[],"_links":{"self":[{"href":"https:\/\/www.kitarakuu.fi\/en\/wp-json\/wp\/v2\/product\/40032","targetHints":{"allow":["GET"]}}],"collection":[{"href":"https:\/\/www.kitarakuu.fi\/en\/wp-json\/wp\/v2\/product"}],"about":[{"href":"https:\/\/www.kitarakuu.fi\/en\/wp-json\/wp\/v2\/types\/product"}],"replies":[{"embeddable":true,"href":"https:\/\/www.kitarakuu.fi\/en\/wp-json\/wp\/v2\/comments?post=40032"}],"wp:featuredmedia":[{"embeddable":true,"href":"https:\/\/www.kitarakuu.fi\/en\/wp-json\/wp\/v2\/media\/49334"}],"wp:attachment":[{"href":"https:\/\/www.kitarakuu.fi\/en\/wp-json\/wp\/v2\/media?parent=40032"}],"wp:term":[{"taxonomy":"product_brand","embeddable":true,"href":"https:\/\/www.kitarakuu.fi\/en\/wp-json\/wp\/v2\/product_brand?post=40032"},{"taxonomy":"product_cat","embeddable":true,"href":"https:\/\/www.kitarakuu.fi\/en\/wp-json\/wp\/v2\/product_cat?post=40032"},{"taxonomy":"product_tag","embeddable":true,"href":"https:\/\/www.kitarakuu.fi\/en\/wp-json\/wp\/v2\/product_tag?post=40032"}],"curies":[{"name":"wp","href":"https:\/\/api.w.org\/{rel}","templated":true}]}}