{"id":39502,"date":"2022-05-16T17:01:46","date_gmt":"2022-05-16T14:01:46","guid":{"rendered":"https:\/\/www.kitarakuu.fi\/tuotteet\/uncategorized\/kauffmann-56t-butterscotch-blonde\/"},"modified":"2023-06-19T09:11:32","modified_gmt":"2023-06-19T06:11:32","slug":"kauffmann-56t-butterscotch-blonde","status":"publish","type":"product","link":"https:\/\/www.kitarakuu.fi\/en\/products\/guitars\/electric-guitars\/kauffmann-56t-butterscotch-blonde\/","title":{"rendered":"Kauffmann 56 T Butterscotch Blonde -SOLD-"},"content":{"rendered":"<p>Kevyt, soinniltaan vahva ja tasapainoinen Paulownia -runko<\/p>\n<p>Otelaudan leveys satulalla 43 mm<\/p>\n<p>Varttisahattu paahtovaahterakaula<\/p>\n<p>10&#8243; otelaudan radius<\/p>\n<p>Treble Bleed vakiona, laadukkaat elektroniikkaosat: CTS, Sprague<\/p>\n<p>Mikrofonit: Kauffmann SOW T\/Cream-T BFG Banger<\/p>\n<p>Gotoh Intune -talla ja Gotoh -virittimet<\/p>\n<p>6105 nauhat<\/p>\n<p>Tukeva, mutta kevyt keikkakassi<\/p>\n<p>Hinta sis. 24% Alv<\/p>\n<p>-&gt;Tommi ja Kauffmann kitarat kohtasivat Kuussa! V\u00e4litt\u00e4jin\u00e4 toimi Kauffuzz -trio ja ketjun toisessa p\u00e4\u00e4ss\u00e4 huokaa Gibson Scout 1964-&gt; <a href=\"https:\/\/www.kitarakuu.fi\/wp-content\/uploads\/2023\/05\/Tommi-Kauffuzz-56T.mov\">Tommi Kauffuzz 56T<\/a><\/p>\n<p>&nbsp;<\/p>\n<p>&nbsp;<\/p>\n","protected":false},"excerpt":{"rendered":"<p>Kevyt, soinniltaan vahva ja tasapainoinen Paulownia -runko Otelaudan leveys satulalla 43 mm Varttisahattu paahtovaahterakaula 10&#8243; otelaudan radius Treble Bleed vakiona, laadukkaat elektroniikkaosat: CTS, Sprague Mikrofonit: Kauffmann SOW T\/Cream-T BFG Banger Gotoh Intune -talla ja Gotoh -virittimet 6105 nauhat Tukeva, mutta kevyt keikkakassi Hinta sis. 24% Alv -&gt;Tommi ja Kauffmann kitarat kohtasivat Kuussa! V\u00e4litt\u00e4jin\u00e4 toimi Kauffuzz [&hellip;]<\/p>\n","protected":false},"featured_media":38761,"comment_status":"closed","ping_status":"closed","template":"","meta":{"_acf_changed":false},"product_brand":[],"product_cat":[1417],"product_tag":[],"class_list":{"0":"post-39502","1":"product","2":"type-product","3":"status-publish","4":"has-post-thumbnail","6":"product_cat-kauffmann-guitars-en","7":"product_shipping_class-dbschenker-noutopistepaketti-en","8":"pa_valmistaja-kauffmann-guitars","10":"first","11":"outofstock","12":"taxable","13":"shipping-taxable","14":"product-type-simple"},"acf":[],"_links":{"self":[{"href":"https:\/\/www.kitarakuu.fi\/en\/wp-json\/wp\/v2\/product\/39502","targetHints":{"allow":["GET"]}}],"collection":[{"href":"https:\/\/www.kitarakuu.fi\/en\/wp-json\/wp\/v2\/product"}],"about":[{"href":"https:\/\/www.kitarakuu.fi\/en\/wp-json\/wp\/v2\/types\/product"}],"replies":[{"embeddable":true,"href":"https:\/\/www.kitarakuu.fi\/en\/wp-json\/wp\/v2\/comments?post=39502"}],"wp:featuredmedia":[{"embeddable":true,"href":"https:\/\/www.kitarakuu.fi\/en\/wp-json\/wp\/v2\/media\/38761"}],"wp:attachment":[{"href":"https:\/\/www.kitarakuu.fi\/en\/wp-json\/wp\/v2\/media?parent=39502"}],"wp:term":[{"taxonomy":"product_brand","embeddable":true,"href":"https:\/\/www.kitarakuu.fi\/en\/wp-json\/wp\/v2\/product_brand?post=39502"},{"taxonomy":"product_cat","embeddable":true,"href":"https:\/\/www.kitarakuu.fi\/en\/wp-json\/wp\/v2\/product_cat?post=39502"},{"taxonomy":"product_tag","embeddable":true,"href":"https:\/\/www.kitarakuu.fi\/en\/wp-json\/wp\/v2\/product_tag?post=39502"}],"curies":[{"name":"wp","href":"https:\/\/api.w.org\/{rel}","templated":true}]}}