{"id":38956,"date":"2022-05-23T18:49:24","date_gmt":"2022-05-23T15:49:24","guid":{"rendered":"https:\/\/www.kitarakuu.fi\/tuotteet\/uncategorized\/kauffmann-guitars-63-t-sb\/"},"modified":"2023-09-15T12:52:04","modified_gmt":"2023-09-15T09:52:04","slug":"kauffmann-guitars-63-t-sb","status":"publish","type":"product","link":"https:\/\/www.kitarakuu.fi\/en\/products\/guitars\/kauffman-guitars-en\/kauffmann-guitars-63-t-sb\/","title":{"rendered":"Kauffmann Guitars 63 T Sonic Blue -SOLD-"},"content":{"rendered":"<p>Huikea 60`s meizinki t\u00e4ss\u00e4 &#8220;Medium Aged&#8221; -k\u00e4sitellyss\u00e4 teless\u00e4!<\/p>\n<p>Loistavat mikrofonit: Kauffmann SOW T, Cream-T BFG Banger -kaulahumbucker, puolitus tonepotikalla<\/p>\n<p>Gotoh In-Tune talla, Gotoh virittimet<\/p>\n<p>Treble bleed vakiona<\/p>\n<p>Varttisahattu paahtovaahterakaula<\/p>\n<p>Eritt\u00e4in mukava &#8220;Aged&#8221; kaula py\u00f6ristetyll\u00e4 C kaulaprofiililla, otelaudan radius 9\u00bd\u201d<\/p>\n<p>Tukeva pehmolaukku<\/p>\n<p>Uusi soitin -hinta sis. 24% Alv<\/p>\n<p>&nbsp;<\/p>\n","protected":false},"excerpt":{"rendered":"<p>Huikea 60`s meizinki t\u00e4ss\u00e4 &#8220;Medium Aged&#8221; -k\u00e4sitellyss\u00e4 teless\u00e4! Loistavat mikrofonit: Kauffmann SOW T, Cream-T BFG Banger -kaulahumbucker, puolitus tonepotikalla Gotoh In-Tune talla, Gotoh virittimet Treble bleed vakiona Varttisahattu paahtovaahterakaula Eritt\u00e4in mukava &#8220;Aged&#8221; kaula py\u00f6ristetyll\u00e4 C kaulaprofiililla, otelaudan radius 9\u00bd\u201d Tukeva pehmolaukku Uusi soitin -hinta sis. 24% Alv &nbsp;<\/p>\n","protected":false},"featured_media":39007,"comment_status":"closed","ping_status":"closed","template":"","meta":{"_acf_changed":false},"product_brand":[],"product_cat":[1417],"product_tag":[],"class_list":{"0":"post-38956","1":"product","2":"type-product","3":"status-publish","4":"has-post-thumbnail","6":"product_cat-kauffmann-guitars-en","7":"product_shipping_class-dbschenker-noutopistepaketti-en","8":"pa_valmistaja-kauffmann-guitars","10":"first","11":"outofstock","12":"sold-individually","13":"taxable","14":"shipping-taxable","15":"product-type-simple"},"acf":[],"_links":{"self":[{"href":"https:\/\/www.kitarakuu.fi\/en\/wp-json\/wp\/v2\/product\/38956","targetHints":{"allow":["GET"]}}],"collection":[{"href":"https:\/\/www.kitarakuu.fi\/en\/wp-json\/wp\/v2\/product"}],"about":[{"href":"https:\/\/www.kitarakuu.fi\/en\/wp-json\/wp\/v2\/types\/product"}],"replies":[{"embeddable":true,"href":"https:\/\/www.kitarakuu.fi\/en\/wp-json\/wp\/v2\/comments?post=38956"}],"wp:featuredmedia":[{"embeddable":true,"href":"https:\/\/www.kitarakuu.fi\/en\/wp-json\/wp\/v2\/media\/39007"}],"wp:attachment":[{"href":"https:\/\/www.kitarakuu.fi\/en\/wp-json\/wp\/v2\/media?parent=38956"}],"wp:term":[{"taxonomy":"product_brand","embeddable":true,"href":"https:\/\/www.kitarakuu.fi\/en\/wp-json\/wp\/v2\/product_brand?post=38956"},{"taxonomy":"product_cat","embeddable":true,"href":"https:\/\/www.kitarakuu.fi\/en\/wp-json\/wp\/v2\/product_cat?post=38956"},{"taxonomy":"product_tag","embeddable":true,"href":"https:\/\/www.kitarakuu.fi\/en\/wp-json\/wp\/v2\/product_tag?post=38956"}],"curies":[{"name":"wp","href":"https:\/\/api.w.org\/{rel}","templated":true}]}}