{"id":38698,"date":"2022-09-24T14:20:46","date_gmt":"2022-09-24T11:20:46","guid":{"rendered":"https:\/\/www.kitarakuu.fi\/tuotteet\/uncategorized\/blackstar-ht-boost-kaytetty\/"},"modified":"2024-09-13T09:49:58","modified_gmt":"2024-09-13T06:49:58","slug":"blackstar-ht-boost-kaytetty","status":"publish","type":"product","link":"https:\/\/www.kitarakuu.fi\/en\/products\/effects-pedals\/used-effects-pedals\/blackstar-ht-boost-kaytetty\/","title":{"rendered":"BLACKSTAR HT-Boost (k\u00e4ytetty)"},"content":{"rendered":"<p>Uudenveroinen putkivoimalla toimiva monipuolinen potkunlis\u00e4yslaite omalla virtal\u00e4hteell\u00e4 alkuper\u00e4ispakkauksessaan<\/p>\n<p>The HT-BOOST\u2019s high voltage gain circuit is like adding two extra hot valve stages to your amp so, unlike with inferior battery powered products, you don\u2019t lose any precious dynamics or tone. Add to this an all-valve cut and boost tone section and a high level output which is specially designed to drive your valve amp hard and it all adds up to the ultimate boost pedal available.<\/p>\n<p>Genuine valve design \u2022 Operates at 300V HT \u2022 Cascaded valve gain stages \u2022 Hotrod your valve amp \u2022 Silent switching operation \u2022 All-valve tone control circuit \u2022 Pedals or \u2018hot\u2019 valve amplifier outputs \u2022 High integrity buffered bypass \u2022 Power supply included<\/p>\n","protected":false},"excerpt":{"rendered":"<p>Uudenveroinen putkivoimalla toimiva monipuolinen potkunlis\u00e4yslaite omalla virtal\u00e4hteell\u00e4 alkuper\u00e4ispakkauksessaan The HT-BOOST\u2019s high voltage gain circuit is like adding two extra hot valve stages to your amp so, unlike with inferior battery powered products, you don\u2019t lose any precious dynamics or tone. Add to this an all-valve cut and boost tone section and a high level output [&hellip;]<\/p>\n","protected":false},"featured_media":36079,"comment_status":"closed","ping_status":"closed","template":"","meta":{"_acf_changed":false},"product_brand":[],"product_cat":[1439,1063],"product_tag":[],"class_list":{"0":"post-38698","1":"product","2":"type-product","3":"status-publish","4":"has-post-thumbnail","6":"product_cat-effects-pedals","7":"product_cat-used-effects-pedals","8":"product_shipping_class-pikkupaketti","10":"first","11":"outofstock","12":"taxable","13":"shipping-taxable","14":"purchasable","15":"product-type-simple"},"acf":[],"_links":{"self":[{"href":"https:\/\/www.kitarakuu.fi\/en\/wp-json\/wp\/v2\/product\/38698","targetHints":{"allow":["GET"]}}],"collection":[{"href":"https:\/\/www.kitarakuu.fi\/en\/wp-json\/wp\/v2\/product"}],"about":[{"href":"https:\/\/www.kitarakuu.fi\/en\/wp-json\/wp\/v2\/types\/product"}],"replies":[{"embeddable":true,"href":"https:\/\/www.kitarakuu.fi\/en\/wp-json\/wp\/v2\/comments?post=38698"}],"wp:featuredmedia":[{"embeddable":true,"href":"https:\/\/www.kitarakuu.fi\/en\/wp-json\/wp\/v2\/media\/36079"}],"wp:attachment":[{"href":"https:\/\/www.kitarakuu.fi\/en\/wp-json\/wp\/v2\/media?parent=38698"}],"wp:term":[{"taxonomy":"product_brand","embeddable":true,"href":"https:\/\/www.kitarakuu.fi\/en\/wp-json\/wp\/v2\/product_brand?post=38698"},{"taxonomy":"product_cat","embeddable":true,"href":"https:\/\/www.kitarakuu.fi\/en\/wp-json\/wp\/v2\/product_cat?post=38698"},{"taxonomy":"product_tag","embeddable":true,"href":"https:\/\/www.kitarakuu.fi\/en\/wp-json\/wp\/v2\/product_tag?post=38698"}],"curies":[{"name":"wp","href":"https:\/\/api.w.org\/{rel}","templated":true}]}}