{"id":38697,"date":"2022-10-24T14:17:14","date_gmt":"2022-10-24T11:17:14","guid":{"rendered":"https:\/\/www.kitarakuu.fi\/tuotteet\/uncategorized\/blackstar-ht-reverb-kaytetty\/"},"modified":"2023-08-21T16:23:39","modified_gmt":"2023-08-21T13:23:39","slug":"blackstar-ht-reverb-kaytetty","status":"publish","type":"product","link":"https:\/\/www.kitarakuu.fi\/en\/products\/effects-pedals\/used-effects-pedals\/blackstar-ht-reverb-kaytetty\/","title":{"rendered":"BLACKSTAR HT-Reverb (k\u00e4ytetty)"},"content":{"rendered":"<p>Uudenveroinen putkivoimalla toimiva monipuolinen kaikulaite omalla virtal\u00e4hteell\u00e4 alkuper\u00e4ispakkauksessaan<\/p>\n<p>The HT-REVERB can take you from your room to an arena via hall, plate, spring, gate and reverse reverb effects. Valve compression and harmonics are added using the Dwell control, and you can switch the reverb time from short to long while you are playing.<\/p>\n<p>\u2022 8 reverb effects\u00a0\u2022 Genuine valve design\u00a0\u2022 Operates at 300V HT\u00a0\u2022 Unique Dwell control\u00a0\u2022 Manual and Short\/Long modes\u00a0\u2022 Stereo\u00a0\u2022 Unique switching operation\u00a0\u2022 High integrity buffered bypass\u00a0\u2022 Power supply included\u00a0\u2022 Silent switching<\/p>\n","protected":false},"excerpt":{"rendered":"<p>Uudenveroinen putkivoimalla toimiva monipuolinen kaikulaite omalla virtal\u00e4hteell\u00e4 alkuper\u00e4ispakkauksessaan The HT-REVERB can take you from your room to an arena via hall, plate, spring, gate and reverse reverb effects. Valve compression and harmonics are added using the Dwell control, and you can switch the reverb time from short to long while you are playing. \u2022 8 [&hellip;]<\/p>\n","protected":false},"featured_media":36074,"comment_status":"closed","ping_status":"closed","template":"","meta":{"_acf_changed":false},"product_brand":[],"product_cat":[1439,1063],"product_tag":[],"class_list":{"0":"post-38697","1":"product","2":"type-product","3":"status-publish","4":"has-post-thumbnail","6":"product_cat-effects-pedals","7":"product_cat-used-effects-pedals","9":"first","10":"outofstock","11":"taxable","12":"shipping-taxable","13":"purchasable","14":"product-type-simple"},"acf":[],"_links":{"self":[{"href":"https:\/\/www.kitarakuu.fi\/en\/wp-json\/wp\/v2\/product\/38697","targetHints":{"allow":["GET"]}}],"collection":[{"href":"https:\/\/www.kitarakuu.fi\/en\/wp-json\/wp\/v2\/product"}],"about":[{"href":"https:\/\/www.kitarakuu.fi\/en\/wp-json\/wp\/v2\/types\/product"}],"replies":[{"embeddable":true,"href":"https:\/\/www.kitarakuu.fi\/en\/wp-json\/wp\/v2\/comments?post=38697"}],"wp:featuredmedia":[{"embeddable":true,"href":"https:\/\/www.kitarakuu.fi\/en\/wp-json\/wp\/v2\/media\/36074"}],"wp:attachment":[{"href":"https:\/\/www.kitarakuu.fi\/en\/wp-json\/wp\/v2\/media?parent=38697"}],"wp:term":[{"taxonomy":"product_brand","embeddable":true,"href":"https:\/\/www.kitarakuu.fi\/en\/wp-json\/wp\/v2\/product_brand?post=38697"},{"taxonomy":"product_cat","embeddable":true,"href":"https:\/\/www.kitarakuu.fi\/en\/wp-json\/wp\/v2\/product_cat?post=38697"},{"taxonomy":"product_tag","embeddable":true,"href":"https:\/\/www.kitarakuu.fi\/en\/wp-json\/wp\/v2\/product_tag?post=38697"}],"curies":[{"name":"wp","href":"https:\/\/api.w.org\/{rel}","templated":true}]}}