{"id":38691,"date":"2022-05-19T15:04:14","date_gmt":"2022-05-19T12:04:14","guid":{"rendered":"https:\/\/www.kitarakuu.fi\/tuotteet\/uncategorized\/music-man-212-hd-one-thirty\/"},"modified":"2023-10-21T14:26:05","modified_gmt":"2023-10-21T11:26:05","slug":"music-man-212-hd-one-thirty","status":"publish","type":"product","link":"https:\/\/www.kitarakuu.fi\/en\/products\/amps\/combo\/music-man-212-hd-one-thirty\/","title":{"rendered":"Music Man 212-HD One-Thirty 1978"},"content":{"rendered":"<p><span style=\"font-size: 1rem;\">Huollettu klassikkovoimalaitos, Amperen huoltoraportti p\u00e4\u00e4teputkien vaihdosta ja perushuollosta vuodelta 2021 mukana<\/span><\/p>\n<p>Toinen kajautin alkuper\u00e4inen Eminence, toinen 2000-luvulta<\/p>\n<p>Alkuper\u00e4inen jalkakytkin jousikaiulle ja tremololle<\/p>\n<p>Lukittavat py\u00f6r\u00e4t lis\u00e4tty<\/p>\n","protected":false},"excerpt":{"rendered":"<p>Huollettu klassikkovoimalaitos, Amperen huoltoraportti p\u00e4\u00e4teputkien vaihdosta ja perushuollosta vuodelta 2021 mukana Toinen kajautin alkuper\u00e4inen Eminence, toinen 2000-luvulta Alkuper\u00e4inen jalkakytkin jousikaiulle ja tremololle Lukittavat py\u00f6r\u00e4t lis\u00e4tty<\/p>\n","protected":false},"featured_media":33057,"comment_status":"closed","ping_status":"closed","template":"","meta":{"_acf_changed":false},"product_brand":[],"product_cat":[532,664,1287],"product_tag":[],"class_list":{"0":"post-38691","1":"product","2":"type-product","3":"status-publish","4":"has-post-thumbnail","6":"product_cat-amps","7":"product_cat-combo","8":"product_cat-hybrid-amp","9":"pa_valmistaja-musicman","11":"first","12":"outofstock","13":"taxable","14":"shipping-taxable","15":"product-type-simple"},"acf":[],"_links":{"self":[{"href":"https:\/\/www.kitarakuu.fi\/en\/wp-json\/wp\/v2\/product\/38691","targetHints":{"allow":["GET"]}}],"collection":[{"href":"https:\/\/www.kitarakuu.fi\/en\/wp-json\/wp\/v2\/product"}],"about":[{"href":"https:\/\/www.kitarakuu.fi\/en\/wp-json\/wp\/v2\/types\/product"}],"replies":[{"embeddable":true,"href":"https:\/\/www.kitarakuu.fi\/en\/wp-json\/wp\/v2\/comments?post=38691"}],"wp:featuredmedia":[{"embeddable":true,"href":"https:\/\/www.kitarakuu.fi\/en\/wp-json\/wp\/v2\/media\/33057"}],"wp:attachment":[{"href":"https:\/\/www.kitarakuu.fi\/en\/wp-json\/wp\/v2\/media?parent=38691"}],"wp:term":[{"taxonomy":"product_brand","embeddable":true,"href":"https:\/\/www.kitarakuu.fi\/en\/wp-json\/wp\/v2\/product_brand?post=38691"},{"taxonomy":"product_cat","embeddable":true,"href":"https:\/\/www.kitarakuu.fi\/en\/wp-json\/wp\/v2\/product_cat?post=38691"},{"taxonomy":"product_tag","embeddable":true,"href":"https:\/\/www.kitarakuu.fi\/en\/wp-json\/wp\/v2\/product_tag?post=38691"}],"curies":[{"name":"wp","href":"https:\/\/api.w.org\/{rel}","templated":true}]}}