{"id":38686,"date":"2022-11-29T17:36:28","date_gmt":"2022-11-29T15:36:28","guid":{"rendered":"https:\/\/www.kitarakuu.fi\/tuotteet\/uncategorized\/cicognani-brutus-15\/"},"modified":"2023-09-23T13:41:55","modified_gmt":"2023-09-23T10:41:55","slug":"cicognani-brutus-15","status":"publish","type":"product","link":"https:\/\/www.kitarakuu.fi\/en\/products\/amps\/combo\/cicognani-brutus-15\/","title":{"rendered":"Cicognani Brutus 15"},"content":{"rendered":"<p>Monipuolinen, iso\u00e4\u00e4ninen yhden p\u00e4\u00e4teputken (single end) 1\/15 W combo 12&#8243; kajauttimella<\/p>\n<p>15W (1W attenuator) AB-lk<br \/>\n16Ohm, lis\u00e4kaiutinliit\u00e4nt\u00e4<br \/>\nP\u00e4\u00e4te: 1x (5881) 6L6GC<br \/>\nEtuaste: 3 x 12AX7 (ECC83)<br \/>\nDigitaalinen kaiku<br \/>\nPre-out<br \/>\nEfektilenkki<\/p>\n<p>Pedaali kaiulle ja kanavanvaihtoon<\/p>\n<p>1 x 12 &#8221; Jensen (MADE IN ITALY) -alkuper\u00e4inen tyly ter\u00e4sverkko <span style=\"font-size: 1rem;\">korvattu <\/span><span style=\"font-size: 1rem;\">VOX -kankaalla\u00a0<\/span><\/p>\n","protected":false},"excerpt":{"rendered":"<p>Monipuolinen, iso\u00e4\u00e4ninen yhden p\u00e4\u00e4teputken (single end) 1\/15 W combo 12&#8243; kajauttimella 15W (1W attenuator) AB-lk 16Ohm, lis\u00e4kaiutinliit\u00e4nt\u00e4 P\u00e4\u00e4te: 1x (5881) 6L6GC Etuaste: 3 x 12AX7 (ECC83) Digitaalinen kaiku Pre-out Efektilenkki Pedaali kaiulle ja kanavanvaihtoon 1 x 12 &#8221; Jensen (MADE IN ITALY) -alkuper\u00e4inen tyly ter\u00e4sverkko korvattu VOX -kankaalla\u00a0<\/p>\n","protected":false},"featured_media":36140,"comment_status":"closed","ping_status":"closed","template":"","meta":{"_acf_changed":false},"product_brand":[],"product_cat":[532,664,957],"product_tag":[],"class_list":{"0":"post-38686","1":"product","2":"type-product","3":"status-publish","4":"has-post-thumbnail","6":"product_cat-amps","7":"product_cat-combo","8":"product_cat-tube-amplifiers","9":"product_shipping_class-dbschenker-noutopistepaketti-en","10":"pa_valmistaja-cicognani","12":"first","13":"outofstock","14":"sold-individually","15":"taxable","16":"shipping-taxable","17":"purchasable","18":"product-type-simple"},"acf":[],"_links":{"self":[{"href":"https:\/\/www.kitarakuu.fi\/en\/wp-json\/wp\/v2\/product\/38686","targetHints":{"allow":["GET"]}}],"collection":[{"href":"https:\/\/www.kitarakuu.fi\/en\/wp-json\/wp\/v2\/product"}],"about":[{"href":"https:\/\/www.kitarakuu.fi\/en\/wp-json\/wp\/v2\/types\/product"}],"replies":[{"embeddable":true,"href":"https:\/\/www.kitarakuu.fi\/en\/wp-json\/wp\/v2\/comments?post=38686"}],"wp:featuredmedia":[{"embeddable":true,"href":"https:\/\/www.kitarakuu.fi\/en\/wp-json\/wp\/v2\/media\/36140"}],"wp:attachment":[{"href":"https:\/\/www.kitarakuu.fi\/en\/wp-json\/wp\/v2\/media?parent=38686"}],"wp:term":[{"taxonomy":"product_brand","embeddable":true,"href":"https:\/\/www.kitarakuu.fi\/en\/wp-json\/wp\/v2\/product_brand?post=38686"},{"taxonomy":"product_cat","embeddable":true,"href":"https:\/\/www.kitarakuu.fi\/en\/wp-json\/wp\/v2\/product_cat?post=38686"},{"taxonomy":"product_tag","embeddable":true,"href":"https:\/\/www.kitarakuu.fi\/en\/wp-json\/wp\/v2\/product_tag?post=38686"}],"curies":[{"name":"wp","href":"https:\/\/api.w.org\/{rel}","templated":true}]}}