{"id":38685,"date":"2022-12-07T21:29:12","date_gmt":"2022-12-07T19:29:12","guid":{"rendered":"https:\/\/www.kitarakuu.fi\/tuotteet\/uncategorized\/orange-rocker-15\/"},"modified":"2023-08-30T16:11:13","modified_gmt":"2023-08-30T13:11:13","slug":"orange-rocker-15","status":"publish","type":"product","link":"https:\/\/www.kitarakuu.fi\/en\/products\/amps\/combo\/orange-rocker-15\/","title":{"rendered":"Orange Rocker 15"},"content":{"rendered":"<p>Uudenveroinen kaksikanavainen: natural\/dirty<\/p>\n<p><span class=\"fx-text fx-text--plus list-item__text\">Putkibufferoitu efektilenkki<\/span><\/p>\n<p>Alkuper\u00e4inen kanavanvaihtopedaali (ei kuvissa)<\/p>\n<p><span class=\"fx-text fx-text--plus list-item__text\">Sis\u00e4\u00e4nrakennettu keinokuorma: 15 \/ 7 \/ 1 \/ 0.5 W<\/span><\/p>\n<p><span class=\"fx-text fx-text--plus list-item__text\">Etuaste: 3x ECC83 (12AX7), 1x ECC81 (12AT7)<\/span><\/p>\n<p><span class=\"fx-text fx-text--plus list-item__text\">P\u00e4\u00e4tevahvistus: 2x EL84<\/span><\/p>\n<p>&nbsp;<\/p>\n","protected":false},"excerpt":{"rendered":"<p>Uudenveroinen kaksikanavainen: natural\/dirty Putkibufferoitu efektilenkki Alkuper\u00e4inen kanavanvaihtopedaali (ei kuvissa) Sis\u00e4\u00e4nrakennettu keinokuorma: 15 \/ 7 \/ 1 \/ 0.5 W Etuaste: 3x ECC83 (12AX7), 1x ECC81 (12AT7) P\u00e4\u00e4tevahvistus: 2x EL84 &nbsp;<\/p>\n","protected":false},"featured_media":36255,"comment_status":"closed","ping_status":"closed","template":"","meta":{"_acf_changed":false},"product_brand":[],"product_cat":[532,664,957],"product_tag":[],"class_list":{"0":"post-38685","1":"product","2":"type-product","3":"status-publish","4":"has-post-thumbnail","6":"product_cat-amps","7":"product_cat-combo","8":"product_cat-tube-amplifiers","9":"product_shipping_class-dbschenker-noutopistepaketti-en","10":"pa_valmistaja-orange","12":"first","13":"outofstock","14":"taxable","15":"shipping-taxable","16":"purchasable","17":"product-type-simple"},"acf":[],"_links":{"self":[{"href":"https:\/\/www.kitarakuu.fi\/en\/wp-json\/wp\/v2\/product\/38685","targetHints":{"allow":["GET"]}}],"collection":[{"href":"https:\/\/www.kitarakuu.fi\/en\/wp-json\/wp\/v2\/product"}],"about":[{"href":"https:\/\/www.kitarakuu.fi\/en\/wp-json\/wp\/v2\/types\/product"}],"replies":[{"embeddable":true,"href":"https:\/\/www.kitarakuu.fi\/en\/wp-json\/wp\/v2\/comments?post=38685"}],"wp:featuredmedia":[{"embeddable":true,"href":"https:\/\/www.kitarakuu.fi\/en\/wp-json\/wp\/v2\/media\/36255"}],"wp:attachment":[{"href":"https:\/\/www.kitarakuu.fi\/en\/wp-json\/wp\/v2\/media?parent=38685"}],"wp:term":[{"taxonomy":"product_brand","embeddable":true,"href":"https:\/\/www.kitarakuu.fi\/en\/wp-json\/wp\/v2\/product_brand?post=38685"},{"taxonomy":"product_cat","embeddable":true,"href":"https:\/\/www.kitarakuu.fi\/en\/wp-json\/wp\/v2\/product_cat?post=38685"},{"taxonomy":"product_tag","embeddable":true,"href":"https:\/\/www.kitarakuu.fi\/en\/wp-json\/wp\/v2\/product_tag?post=38685"}],"curies":[{"name":"wp","href":"https:\/\/api.w.org\/{rel}","templated":true}]}}