{"id":38681,"date":"2023-02-18T12:00:26","date_gmt":"2023-02-18T10:00:26","guid":{"rendered":"https:\/\/www.kitarakuu.fi\/tuotteet\/uncategorized\/12971\/"},"modified":"2023-02-18T12:00:26","modified_gmt":"2023-02-18T10:00:26","slug":"12971","status":"publish","type":"product","link":"https:\/\/www.kitarakuu.fi\/en\/products\/amps\/combo\/12971\/","title":{"rendered":"Gibson Scout GA 17 RVT 1964"},"content":{"rendered":"<p>Rouheasoundinen perinnecombo soveliaalla \u00e4\u00e4nentuotannolla<\/p>\n<p>Jousikaiku ja tremolo<\/p>\n<p>10&#8243; kajautin<\/p>\n<p>P\u00e4ivitys: Pedaali kaiulle\/tremololle uusi ja alempi takasuojalevy lis\u00e4tty (ei alkup.), huollettu ja t\u00e4ysiss\u00e4 voimissaan!<\/p>\n<p>Huollettu, putkissa voima tallella -mukana huoltoraportti<\/p>\n<p>***VAIN NOUTO***<\/p>\n","protected":false},"excerpt":{"rendered":"<p>Rouheasoundinen perinnecombo soveliaalla \u00e4\u00e4nentuotannolla Jousikaiku ja tremolo 10&#8243; kajautin P\u00e4ivitys: Pedaali kaiulle\/tremololle uusi ja alempi takasuojalevy lis\u00e4tty (ei alkup.), huollettu ja t\u00e4ysiss\u00e4 voimissaan! Huollettu, putkissa voima tallella -mukana huoltoraportti ***VAIN NOUTO***<\/p>\n","protected":false},"featured_media":37346,"comment_status":"closed","ping_status":"closed","template":"","meta":{"_acf_changed":false},"product_brand":[],"product_cat":[532,664,957],"product_tag":[],"class_list":{"0":"post-38681","1":"product","2":"type-product","3":"status-publish","4":"has-post-thumbnail","6":"product_cat-amps","7":"product_cat-combo","8":"product_cat-tube-amplifiers","9":"pa_valmistaja-gibson","11":"first","12":"outofstock","13":"sold-individually","14":"taxable","15":"shipping-taxable","16":"purchasable","17":"product-type-simple"},"acf":[],"_links":{"self":[{"href":"https:\/\/www.kitarakuu.fi\/en\/wp-json\/wp\/v2\/product\/38681","targetHints":{"allow":["GET"]}}],"collection":[{"href":"https:\/\/www.kitarakuu.fi\/en\/wp-json\/wp\/v2\/product"}],"about":[{"href":"https:\/\/www.kitarakuu.fi\/en\/wp-json\/wp\/v2\/types\/product"}],"replies":[{"embeddable":true,"href":"https:\/\/www.kitarakuu.fi\/en\/wp-json\/wp\/v2\/comments?post=38681"}],"wp:featuredmedia":[{"embeddable":true,"href":"https:\/\/www.kitarakuu.fi\/en\/wp-json\/wp\/v2\/media\/37346"}],"wp:attachment":[{"href":"https:\/\/www.kitarakuu.fi\/en\/wp-json\/wp\/v2\/media?parent=38681"}],"wp:term":[{"taxonomy":"product_brand","embeddable":true,"href":"https:\/\/www.kitarakuu.fi\/en\/wp-json\/wp\/v2\/product_brand?post=38681"},{"taxonomy":"product_cat","embeddable":true,"href":"https:\/\/www.kitarakuu.fi\/en\/wp-json\/wp\/v2\/product_cat?post=38681"},{"taxonomy":"product_tag","embeddable":true,"href":"https:\/\/www.kitarakuu.fi\/en\/wp-json\/wp\/v2\/product_tag?post=38681"}],"curies":[{"name":"wp","href":"https:\/\/api.w.org\/{rel}","templated":true}]}}