{"id":38679,"date":"2023-03-23T20:54:13","date_gmt":"2023-03-23T18:54:13","guid":{"rendered":"https:\/\/www.kitarakuu.fi\/tuotteet\/uncategorized\/fender-blues-deluxe-reissue-2004\/"},"modified":"2023-10-03T10:53:44","modified_gmt":"2023-10-03T07:53:44","slug":"fender-blues-deluxe-reissue-2004","status":"publish","type":"product","link":"https:\/\/www.kitarakuu.fi\/en\/products\/amps\/combo\/fender-blues-deluxe-reissue-2004\/","title":{"rendered":"Fender Blues Deluxe Reissue 2004"},"content":{"rendered":"<p>Siisti laite jalkakytkimell\u00e4 ja suojahupulla<\/p>\n<p>Viritetty alkuper\u00e4isest\u00e4 poiketen 6V6 -p\u00e4\u00e4teputkille\/teho on n. puolet aiemmasta ja rouheusosasto avautuu pienemm\u00e4ll\u00e4 \u00e4\u00e4nenpaineella<\/p>\n<p>Celestion Vintage 30 -kajautin<\/p>\n<p>***VAIN NOUTO!***<\/p>\n","protected":false},"excerpt":{"rendered":"<p>Siisti laite jalkakytkimell\u00e4 ja suojahupulla Viritetty alkuper\u00e4isest\u00e4 poiketen 6V6 -p\u00e4\u00e4teputkille\/teho on n. puolet aiemmasta ja rouheusosasto avautuu pienemm\u00e4ll\u00e4 \u00e4\u00e4nenpaineella Celestion Vintage 30 -kajautin ***VAIN NOUTO!***<\/p>\n","protected":false},"featured_media":37743,"comment_status":"closed","ping_status":"closed","template":"","meta":{"_acf_changed":false},"product_brand":[],"product_cat":[532,664,957],"product_tag":[],"class_list":{"0":"post-38679","1":"product","2":"type-product","3":"status-publish","4":"has-post-thumbnail","6":"product_cat-amps","7":"product_cat-combo","8":"product_cat-tube-amplifiers","9":"product_shipping_class-dbschenker-noutopistepaketti-en","10":"pa_valmistaja-fender","12":"first","13":"outofstock","14":"taxable","15":"shipping-taxable","16":"purchasable","17":"product-type-simple"},"acf":[],"_links":{"self":[{"href":"https:\/\/www.kitarakuu.fi\/en\/wp-json\/wp\/v2\/product\/38679","targetHints":{"allow":["GET"]}}],"collection":[{"href":"https:\/\/www.kitarakuu.fi\/en\/wp-json\/wp\/v2\/product"}],"about":[{"href":"https:\/\/www.kitarakuu.fi\/en\/wp-json\/wp\/v2\/types\/product"}],"replies":[{"embeddable":true,"href":"https:\/\/www.kitarakuu.fi\/en\/wp-json\/wp\/v2\/comments?post=38679"}],"wp:featuredmedia":[{"embeddable":true,"href":"https:\/\/www.kitarakuu.fi\/en\/wp-json\/wp\/v2\/media\/37743"}],"wp:attachment":[{"href":"https:\/\/www.kitarakuu.fi\/en\/wp-json\/wp\/v2\/media?parent=38679"}],"wp:term":[{"taxonomy":"product_brand","embeddable":true,"href":"https:\/\/www.kitarakuu.fi\/en\/wp-json\/wp\/v2\/product_brand?post=38679"},{"taxonomy":"product_cat","embeddable":true,"href":"https:\/\/www.kitarakuu.fi\/en\/wp-json\/wp\/v2\/product_cat?post=38679"},{"taxonomy":"product_tag","embeddable":true,"href":"https:\/\/www.kitarakuu.fi\/en\/wp-json\/wp\/v2\/product_tag?post=38679"}],"curies":[{"name":"wp","href":"https:\/\/api.w.org\/{rel}","templated":true}]}}