{"id":38676,"date":"2023-04-29T10:47:58","date_gmt":"2023-04-29T07:47:58","guid":{"rendered":"https:\/\/www.kitarakuu.fi\/tuotteet\/uncategorized\/peavey-6505-mini-head\/"},"modified":"2023-07-27T15:06:01","modified_gmt":"2023-07-27T12:06:01","slug":"peavey-6505-mini-head","status":"publish","type":"product","link":"https:\/\/www.kitarakuu.fi\/en\/products\/amps\/tube-amplifiers\/peavey-6505-mini-head\/","title":{"rendered":"Peavey 6505 Mini Head"},"content":{"rendered":"<p>Uudenveroinen hyvinpotkiva pikkunuppi isolla tonella, kotik\u00e4yt\u00f6st\u00e4<\/p>\n<ul>\n<li>6505\u00ae MH:ssa on kaksi kanavaa samalla etuvahvistinkytenn\u00e4ll\u00e4 ja \u00e4\u00e4nenmuodostuksella kuin t\u00e4ysikokoisessa isoveljess\u00e4\u00e4n! Kanavilla on yhteinen EQ, reverb ja efektisilmukka. Kanavanvaihto, crunch, efektilooppi ja reverb ovat kytkett\u00e4viss\u00e4 jalkapedaalilla. T.S.I.\u2122 tube monitoring-toiminto seuraa jatkuvasti p\u00e4\u00e4teputkien tilaa ja ilmaisee jos jokin putkista on heikentynyt vaihtokuntoon.<strong>Toiminnot:<\/strong><\/li>\n<li>2x EL84 p\u00e4\u00e4teputket, 3x12AX7\/ECC83 etuasteputket<\/li>\n<li>Kaksi pedaalilla vaihdettavaa kanavaa, 3-al EQ<\/li>\n<li>Pedaalilla kytkett\u00e4v\u00e4 crunch Rhythm-kanavassa<\/li>\n<li>Pedaalilla kytkett\u00e4v\u00e4 reverb<\/li>\n<li>Pedaalilla kytkett\u00e4v\u00e4 bufferoitu efektisilmukka<\/li>\n<li>Tube Status indication (T.S.I.\u2122) -piiri<\/li>\n<li>MSDI\u2122 ulostulo XLR:lla, ground lift<\/li>\n<li>USB-liit\u00e4nt\u00e4 (ei sis. kaapelia)<\/li>\n<li>Kaiuttimen mykistyskytkin<\/li>\n<li>Kuulokeliit\u00e4nt\u00e4<\/li>\n<li>Tehon alennuskytkin: 20W, 5W tai 1W p\u00e4\u00e4teteho<\/li>\n<li>Kaiutinliit\u00e4nt\u00e4 16 tai 8ohm kaiuttimille<\/li>\n<li>Paino 7.55 kg<\/li>\n<\/ul>\n","protected":false},"excerpt":{"rendered":"<p>Uudenveroinen hyvinpotkiva pikkunuppi isolla tonella, kotik\u00e4yt\u00f6st\u00e4 6505\u00ae MH:ssa on kaksi kanavaa samalla etuvahvistinkytenn\u00e4ll\u00e4 ja \u00e4\u00e4nenmuodostuksella kuin t\u00e4ysikokoisessa isoveljess\u00e4\u00e4n! Kanavilla on yhteinen EQ, reverb ja efektisilmukka. Kanavanvaihto, crunch, efektilooppi ja reverb ovat kytkett\u00e4viss\u00e4 jalkapedaalilla. T.S.I.\u2122 tube monitoring-toiminto seuraa jatkuvasti p\u00e4\u00e4teputkien tilaa ja ilmaisee jos jokin putkista on heikentynyt vaihtokuntoon.Toiminnot: 2x EL84 p\u00e4\u00e4teputket, 3x12AX7\/ECC83 etuasteputket Kaksi pedaalilla [&hellip;]<\/p>\n","protected":false},"featured_media":38391,"comment_status":"closed","ping_status":"closed","template":"","meta":{"_acf_changed":false},"product_brand":[],"product_cat":[532,957],"product_tag":[],"class_list":{"0":"post-38676","1":"product","2":"type-product","3":"status-publish","4":"has-post-thumbnail","6":"product_cat-amps","7":"product_cat-tube-amplifiers","8":"product_shipping_class-dbschenker-noutopistepaketti-en","9":"pa_valmistaja-peavey","11":"first","12":"outofstock","13":"taxable","14":"shipping-taxable","15":"purchasable","16":"product-type-simple"},"acf":[],"_links":{"self":[{"href":"https:\/\/www.kitarakuu.fi\/en\/wp-json\/wp\/v2\/product\/38676","targetHints":{"allow":["GET"]}}],"collection":[{"href":"https:\/\/www.kitarakuu.fi\/en\/wp-json\/wp\/v2\/product"}],"about":[{"href":"https:\/\/www.kitarakuu.fi\/en\/wp-json\/wp\/v2\/types\/product"}],"replies":[{"embeddable":true,"href":"https:\/\/www.kitarakuu.fi\/en\/wp-json\/wp\/v2\/comments?post=38676"}],"wp:featuredmedia":[{"embeddable":true,"href":"https:\/\/www.kitarakuu.fi\/en\/wp-json\/wp\/v2\/media\/38391"}],"wp:attachment":[{"href":"https:\/\/www.kitarakuu.fi\/en\/wp-json\/wp\/v2\/media?parent=38676"}],"wp:term":[{"taxonomy":"product_brand","embeddable":true,"href":"https:\/\/www.kitarakuu.fi\/en\/wp-json\/wp\/v2\/product_brand?post=38676"},{"taxonomy":"product_cat","embeddable":true,"href":"https:\/\/www.kitarakuu.fi\/en\/wp-json\/wp\/v2\/product_cat?post=38676"},{"taxonomy":"product_tag","embeddable":true,"href":"https:\/\/www.kitarakuu.fi\/en\/wp-json\/wp\/v2\/product_tag?post=38676"}],"curies":[{"name":"wp","href":"https:\/\/api.w.org\/{rel}","templated":true}]}}