{"id":36773,"date":"2025-04-19T15:00:36","date_gmt":"2025-04-19T12:00:36","guid":{"rendered":"https:\/\/www.kitarakuu.fi\/tuotteet\/uncategorized\/kauffmann-guitars-56-t-butterscotch\/"},"modified":"2025-04-22T09:01:18","modified_gmt":"2025-04-22T06:01:18","slug":"kauffmann-guitars-56-t-butterscotch","status":"publish","type":"product","link":"https:\/\/www.kitarakuu.fi\/en\/products\/guitars\/kauffmann-guitars-56-t-butterscotch\/","title":{"rendered":"Kauffmann Guitars 56 T Butterscotch"},"content":{"rendered":"<p>Huipputele p\u00e4ivitetyill\u00e4 perinnespekseill\u00e4<\/p>\n<p>Varttisahattu paahtovaahterakaula py\u00f6ristetyll\u00e4 C-profiilin kaulalla, otelaudan radius 10&#8243;<\/p>\n<p>Mainiot Kauffmannin omat SOW T -mikit<\/p>\n<p>Mediumisti vanhennettu olemus<\/p>\n<p>Laadukas Gotoh -rautatavara<\/p>\n<p>Pehmolaukku<\/p>\n","protected":false},"excerpt":{"rendered":"<p>Huipputele p\u00e4ivitetyill\u00e4 perinnespekseill\u00e4 Varttisahattu paahtovaahterakaula py\u00f6ristetyll\u00e4 C-profiilin kaulalla, otelaudan radius 10&#8243; Mainiot Kauffmannin omat SOW T -mikit Mediumisti vanhennettu olemus Laadukas Gotoh -rautatavara Pehmolaukku<\/p>\n","protected":false},"featured_media":50288,"comment_status":"closed","ping_status":"closed","template":"","meta":{"_acf_changed":false},"product_brand":[],"product_cat":[672,670,1417],"product_tag":[],"class_list":{"0":"post-36773","1":"product","2":"type-product","3":"status-publish","4":"has-post-thumbnail","6":"product_cat-electric-guitars","7":"product_cat-guitars","8":"product_cat-kauffmann-guitars-en","9":"product_shipping_class-dbschenker-noutopistepaketti-en","10":"pa_valmistaja-kauffmann-guitars","12":"first","13":"outofstock","14":"sold-individually","15":"taxable","16":"shipping-taxable","17":"purchasable","18":"product-type-simple"},"acf":[],"_links":{"self":[{"href":"https:\/\/www.kitarakuu.fi\/en\/wp-json\/wp\/v2\/product\/36773","targetHints":{"allow":["GET"]}}],"collection":[{"href":"https:\/\/www.kitarakuu.fi\/en\/wp-json\/wp\/v2\/product"}],"about":[{"href":"https:\/\/www.kitarakuu.fi\/en\/wp-json\/wp\/v2\/types\/product"}],"replies":[{"embeddable":true,"href":"https:\/\/www.kitarakuu.fi\/en\/wp-json\/wp\/v2\/comments?post=36773"}],"wp:featuredmedia":[{"embeddable":true,"href":"https:\/\/www.kitarakuu.fi\/en\/wp-json\/wp\/v2\/media\/50288"}],"wp:attachment":[{"href":"https:\/\/www.kitarakuu.fi\/en\/wp-json\/wp\/v2\/media?parent=36773"}],"wp:term":[{"taxonomy":"product_brand","embeddable":true,"href":"https:\/\/www.kitarakuu.fi\/en\/wp-json\/wp\/v2\/product_brand?post=36773"},{"taxonomy":"product_cat","embeddable":true,"href":"https:\/\/www.kitarakuu.fi\/en\/wp-json\/wp\/v2\/product_cat?post=36773"},{"taxonomy":"product_tag","embeddable":true,"href":"https:\/\/www.kitarakuu.fi\/en\/wp-json\/wp\/v2\/product_tag?post=36773"}],"curies":[{"name":"wp","href":"https:\/\/api.w.org\/{rel}","templated":true}]}}