{"id":36692,"date":"2022-12-21T19:03:23","date_gmt":"2022-12-21T17:03:23","guid":{"rendered":"https:\/\/www.kitarakuu.fi\/tuotteet\/uncategorized\/kauffmann-guitars-63-s-aged-three-tone-sunburst\/"},"modified":"2023-06-17T13:28:24","modified_gmt":"2023-06-17T10:28:24","slug":"kauffmann-guitars-63-s-aged-three-tone-sunburst","status":"publish","type":"product","link":"https:\/\/www.kitarakuu.fi\/en\/products\/guitars\/electric-guitars\/kauffmann-guitars-63-s-aged-three-tone-sunburst\/","title":{"rendered":"Kauffmann Guitars 63 S Aged Three Tone Sunburst -SOLD-"},"content":{"rendered":"<p>Upeasti laadukassointinen S-variantti<\/p>\n<p>Lepp\u00e4runko, varttisahattu paahtovaahterakaula<\/p>\n<p>Kevyesti ik\u00e4\u00e4nnytetty viimeistely<\/p>\n<p>Kauffmann SOW -mikrofonit<\/p>\n<p>Master V ja master T, Treble Bleed\u00a0 ja taaemmassa &#8220;tone&#8221;-potikassa blender (kaula- ja tallamikki portaattomasti yhdess\u00e4) vakiona, laadukkaat elektroniikkaosat: CTS, Sprague<\/p>\n<p>Tukeva Kauffmann Guitars -pehmolaukku<\/p>\n<p>Uusi soitin -hinta sis. 24% Alv<\/p>\n","protected":false},"excerpt":{"rendered":"<p>Upeasti laadukassointinen S-variantti Lepp\u00e4runko, varttisahattu paahtovaahterakaula Kevyesti ik\u00e4\u00e4nnytetty viimeistely Kauffmann SOW -mikrofonit Master V ja master T, Treble Bleed\u00a0 ja taaemmassa &#8220;tone&#8221;-potikassa blender (kaula- ja tallamikki portaattomasti yhdess\u00e4) vakiona, laadukkaat elektroniikkaosat: CTS, Sprague Tukeva Kauffmann Guitars -pehmolaukku Uusi soitin -hinta sis. 24% Alv<\/p>\n","protected":false},"featured_media":36618,"comment_status":"closed","ping_status":"closed","template":"","meta":{"_acf_changed":false},"product_brand":[],"product_cat":[1417],"product_tag":[],"class_list":{"0":"post-36692","1":"product","2":"type-product","3":"status-publish","4":"has-post-thumbnail","6":"product_cat-kauffmann-guitars-en","7":"product_shipping_class-dbschenker-noutopistepaketti-en","8":"pa_valmistaja-kauffmann-guitars","10":"first","11":"outofstock","12":"sold-individually","13":"taxable","14":"shipping-taxable","15":"product-type-simple"},"acf":[],"_links":{"self":[{"href":"https:\/\/www.kitarakuu.fi\/en\/wp-json\/wp\/v2\/product\/36692","targetHints":{"allow":["GET"]}}],"collection":[{"href":"https:\/\/www.kitarakuu.fi\/en\/wp-json\/wp\/v2\/product"}],"about":[{"href":"https:\/\/www.kitarakuu.fi\/en\/wp-json\/wp\/v2\/types\/product"}],"replies":[{"embeddable":true,"href":"https:\/\/www.kitarakuu.fi\/en\/wp-json\/wp\/v2\/comments?post=36692"}],"wp:featuredmedia":[{"embeddable":true,"href":"https:\/\/www.kitarakuu.fi\/en\/wp-json\/wp\/v2\/media\/36618"}],"wp:attachment":[{"href":"https:\/\/www.kitarakuu.fi\/en\/wp-json\/wp\/v2\/media?parent=36692"}],"wp:term":[{"taxonomy":"product_brand","embeddable":true,"href":"https:\/\/www.kitarakuu.fi\/en\/wp-json\/wp\/v2\/product_brand?post=36692"},{"taxonomy":"product_cat","embeddable":true,"href":"https:\/\/www.kitarakuu.fi\/en\/wp-json\/wp\/v2\/product_cat?post=36692"},{"taxonomy":"product_tag","embeddable":true,"href":"https:\/\/www.kitarakuu.fi\/en\/wp-json\/wp\/v2\/product_tag?post=36692"}],"curies":[{"name":"wp","href":"https:\/\/api.w.org\/{rel}","templated":true}]}}