{"id":27994,"date":"2021-07-01T15:05:56","date_gmt":"2021-07-01T12:05:56","guid":{"rendered":"http:\/\/www.kitarakuu.fi\/tuotteet\/uncategorized\/fender-precision-fretless-bass-1978\/"},"modified":"2022-04-13T11:57:00","modified_gmt":"2022-04-13T08:57:00","slug":"fender-precision-fretless-bass-1978","status":"publish","type":"product","link":"https:\/\/www.kitarakuu.fi\/en\/products\/bass-guitars\/fender-precision-fretless-bass-1978\/","title":{"rendered":"Fender Precision Fretless Bass 1978"},"content":{"rendered":"<p>Kaikkialta kauniisti soiva alkuper\u00e4inen nauhaton klassikko alkuper\u00e4isell\u00e4 laukulla<\/p>\n<p>Hiottu D`Addario Chromes -kielitys p\u00e4\u00e4ll\u00e4<\/p>\n","protected":false},"excerpt":{"rendered":"<p>Kaikkialta kauniisti soiva alkuper\u00e4inen nauhaton klassikko alkuper\u00e4isell\u00e4 laukulla Hiottu D`Addario Chromes -kielitys p\u00e4\u00e4ll\u00e4<\/p>\n","protected":false},"featured_media":26273,"comment_status":"closed","ping_status":"closed","template":"","meta":{"_acf_changed":false},"product_brand":[],"product_cat":[577],"product_tag":[],"class_list":{"0":"post-27994","1":"product","2":"type-product","3":"status-publish","4":"has-post-thumbnail","6":"product_cat-bass-guitars","7":"product_shipping_class-dbschenker-noutopistepaketti-en","8":"pa_valmistaja-fender-en","10":"first","11":"outofstock","12":"sold-individually","13":"taxable","14":"shipping-taxable","15":"purchasable","16":"product-type-simple"},"acf":[],"_links":{"self":[{"href":"https:\/\/www.kitarakuu.fi\/en\/wp-json\/wp\/v2\/product\/27994","targetHints":{"allow":["GET"]}}],"collection":[{"href":"https:\/\/www.kitarakuu.fi\/en\/wp-json\/wp\/v2\/product"}],"about":[{"href":"https:\/\/www.kitarakuu.fi\/en\/wp-json\/wp\/v2\/types\/product"}],"replies":[{"embeddable":true,"href":"https:\/\/www.kitarakuu.fi\/en\/wp-json\/wp\/v2\/comments?post=27994"}],"wp:featuredmedia":[{"embeddable":true,"href":"https:\/\/www.kitarakuu.fi\/en\/wp-json\/wp\/v2\/media\/26273"}],"wp:attachment":[{"href":"https:\/\/www.kitarakuu.fi\/en\/wp-json\/wp\/v2\/media?parent=27994"}],"wp:term":[{"taxonomy":"product_brand","embeddable":true,"href":"https:\/\/www.kitarakuu.fi\/en\/wp-json\/wp\/v2\/product_brand?post=27994"},{"taxonomy":"product_cat","embeddable":true,"href":"https:\/\/www.kitarakuu.fi\/en\/wp-json\/wp\/v2\/product_cat?post=27994"},{"taxonomy":"product_tag","embeddable":true,"href":"https:\/\/www.kitarakuu.fi\/en\/wp-json\/wp\/v2\/product_tag?post=27994"}],"curies":[{"name":"wp","href":"https:\/\/api.w.org\/{rel}","templated":true}]}}