{"id":25997,"date":"2021-06-04T15:13:17","date_gmt":"2021-06-04T12:13:17","guid":{"rendered":"http:\/\/www.kitarakuu.fi\/tuotteet\/uncategorized\/godlyke-iso-pump-voltage-converter\/"},"modified":"2023-04-27T17:34:03","modified_gmt":"2023-04-27T14:34:03","slug":"godlyke-iso-pump-voltage-converter","status":"publish","type":"product","link":"https:\/\/www.kitarakuu.fi\/en\/products\/accessories\/other\/godlyke-iso-pump-voltage-converter\/","title":{"rendered":"Godlyke ISO-PUMP Voltage converter"},"content":{"rendered":"<p>T\u00e4ll\u00e4 hakkurilla nostat pedaalivirtal\u00e4hteesi j\u00e4nnitteen 9V:sta 12\/18\/24 V:iin, valinta minikytkimell\u00e4<\/p>\n","protected":false},"excerpt":{"rendered":"<p>Voltage converter for pedals 9V -&gt; 12, 18, 24 volts<\/p>\n","protected":false},"featured_media":26854,"comment_status":"closed","ping_status":"closed","template":"","meta":{"_acf_changed":false},"product_brand":[],"product_cat":[1138,1148],"product_tag":[],"class_list":{"0":"post-25997","1":"product","2":"type-product","3":"status-publish","4":"has-post-thumbnail","6":"product_cat-accessories","7":"product_cat-other","8":"pa_valmistaja-godlyke","10":"first","11":"outofstock","12":"taxable","13":"shipping-taxable","14":"purchasable","15":"product-type-simple"},"acf":[],"_links":{"self":[{"href":"https:\/\/www.kitarakuu.fi\/en\/wp-json\/wp\/v2\/product\/25997","targetHints":{"allow":["GET"]}}],"collection":[{"href":"https:\/\/www.kitarakuu.fi\/en\/wp-json\/wp\/v2\/product"}],"about":[{"href":"https:\/\/www.kitarakuu.fi\/en\/wp-json\/wp\/v2\/types\/product"}],"replies":[{"embeddable":true,"href":"https:\/\/www.kitarakuu.fi\/en\/wp-json\/wp\/v2\/comments?post=25997"}],"wp:featuredmedia":[{"embeddable":true,"href":"https:\/\/www.kitarakuu.fi\/en\/wp-json\/wp\/v2\/media\/26854"}],"wp:attachment":[{"href":"https:\/\/www.kitarakuu.fi\/en\/wp-json\/wp\/v2\/media?parent=25997"}],"wp:term":[{"taxonomy":"product_brand","embeddable":true,"href":"https:\/\/www.kitarakuu.fi\/en\/wp-json\/wp\/v2\/product_brand?post=25997"},{"taxonomy":"product_cat","embeddable":true,"href":"https:\/\/www.kitarakuu.fi\/en\/wp-json\/wp\/v2\/product_cat?post=25997"},{"taxonomy":"product_tag","embeddable":true,"href":"https:\/\/www.kitarakuu.fi\/en\/wp-json\/wp\/v2\/product_tag?post=25997"}],"curies":[{"name":"wp","href":"https:\/\/api.w.org\/{rel}","templated":true}]}}