{"id":25240,"date":"2019-09-12T18:14:35","date_gmt":"2019-09-12T15:14:35","guid":{"rendered":"http:\/\/www.kitarakuu.fi\/kauppa\/Ei-luokiteltu\/flying-finn-jungle-beat-2016-2\/"},"modified":"2021-06-18T22:51:34","modified_gmt":"2021-06-18T19:51:34","slug":"flying-finn-jungle-beat-2016-2","status":"publish","type":"product","link":"https:\/\/www.kitarakuu.fi\/en\/products\/guitars\/electric-guitars\/flying-finn-jungle-beat-2016-2\/","title":{"rendered":"Flying Finn Jungle Beat 2016"},"content":{"rendered":"<p>Isokaulainen (U-profiili) helmi\u00e4iscandy Suomi -kitara Nevalaisen omilla mikeill\u00e4<\/p>\n<p>Medium jumbo -nauhat hyv\u00e4ss\u00e4 kuosissa<\/p>\n<p>Wilkinson\/Kluson raudat<\/p>\n","protected":false},"excerpt":{"rendered":"<p>Isokaulainen (U-profiili) helmi\u00e4iscandy Suomi -kitara Nevalaisen omilla mikeill\u00e4 Medium jumbo -nauhat hyv\u00e4ss\u00e4 kuosissa Wilkinson\/Kluson raudat<\/p>\n","protected":false},"featured_media":15231,"comment_status":"closed","ping_status":"closed","template":"","meta":{"_acf_changed":false},"product_brand":[],"product_cat":[672,670],"product_tag":[],"class_list":{"0":"post-25240","1":"product","2":"type-product","3":"status-publish","4":"has-post-thumbnail","6":"product_cat-electric-guitars","7":"product_cat-guitars","9":"first","10":"outofstock","11":"sold-individually","12":"taxable","13":"shipping-taxable","14":"purchasable","15":"product-type-simple"},"acf":[],"_links":{"self":[{"href":"https:\/\/www.kitarakuu.fi\/en\/wp-json\/wp\/v2\/product\/25240","targetHints":{"allow":["GET"]}}],"collection":[{"href":"https:\/\/www.kitarakuu.fi\/en\/wp-json\/wp\/v2\/product"}],"about":[{"href":"https:\/\/www.kitarakuu.fi\/en\/wp-json\/wp\/v2\/types\/product"}],"replies":[{"embeddable":true,"href":"https:\/\/www.kitarakuu.fi\/en\/wp-json\/wp\/v2\/comments?post=25240"}],"wp:featuredmedia":[{"embeddable":true,"href":"https:\/\/www.kitarakuu.fi\/en\/wp-json\/wp\/v2\/media\/15231"}],"wp:attachment":[{"href":"https:\/\/www.kitarakuu.fi\/en\/wp-json\/wp\/v2\/media?parent=25240"}],"wp:term":[{"taxonomy":"product_brand","embeddable":true,"href":"https:\/\/www.kitarakuu.fi\/en\/wp-json\/wp\/v2\/product_brand?post=25240"},{"taxonomy":"product_cat","embeddable":true,"href":"https:\/\/www.kitarakuu.fi\/en\/wp-json\/wp\/v2\/product_cat?post=25240"},{"taxonomy":"product_tag","embeddable":true,"href":"https:\/\/www.kitarakuu.fi\/en\/wp-json\/wp\/v2\/product_tag?post=25240"}],"curies":[{"name":"wp","href":"https:\/\/api.w.org\/{rel}","templated":true}]}}