{"id":25238,"date":"2019-09-11T12:02:03","date_gmt":"2019-09-11T09:02:03","guid":{"rendered":"http:\/\/www.kitarakuu.fi\/kauppa\/Ei-luokiteltu\/airline-map-dlx-2014-2\/"},"modified":"2021-06-18T22:51:34","modified_gmt":"2021-06-18T19:51:34","slug":"airline-map-dlx-2014-2","status":"publish","type":"product","link":"https:\/\/www.kitarakuu.fi\/en\/products\/guitars\/electric-guitars\/airline-map-dlx-2014-2\/","title":{"rendered":"Airline Map DLX 2014"},"content":{"rendered":"<p>Mainio soitin hyv\u00e4ss\u00e4 iskussa.<\/p>\n<p>Takapuolella jonkinverran naarmuja, mutta yleisilmeelt\u00e4\u00e4n siisti soitin<\/p>\n<p>Volyymipotikka siirretty l\u00e4hemm\u00e4s tallaa S -tyyliin -alkuper\u00e4ist\u00e4 sijoittelua mukavampi k\u00e4ytell\u00e4<\/p>\n<p>Lainaus Eastwoodin saitilta: &#8220;NATIONAL MAP Guitars were made in the USA from 1958-64 by VALCO and sold through Montgomery Ward. This AIRLINE\u00ae MAP is a tribute to the NATIONAL Newport Guitar from 1962.Today they are played by people like David Bowie, The Cure, Calexico and White Stripes.&#8221;<\/p>\n","protected":false},"excerpt":{"rendered":"<p>Mainio soitin hyv\u00e4ss\u00e4 iskussa. Takapuolella jonkinverran naarmuja, mutta yleisilmeelt\u00e4\u00e4n siisti soitin Volyymipotikka siirretty l\u00e4hemm\u00e4s tallaa S -tyyliin -alkuper\u00e4ist\u00e4 sijoittelua mukavampi k\u00e4ytell\u00e4 Lainaus Eastwoodin saitilta: &#8220;NATIONAL MAP Guitars were made in the USA from 1958-64 by VALCO and sold through Montgomery Ward. This AIRLINE\u00ae MAP is a tribute to the NATIONAL Newport Guitar from 1962.Today they [&hellip;]<\/p>\n","protected":false},"featured_media":15177,"comment_status":"closed","ping_status":"closed","template":"","meta":{"_acf_changed":false},"product_brand":[],"product_cat":[672,670],"product_tag":[],"class_list":{"0":"post-25238","1":"product","2":"type-product","3":"status-publish","4":"has-post-thumbnail","6":"product_cat-electric-guitars","7":"product_cat-guitars","9":"first","10":"outofstock","11":"sold-individually","12":"taxable","13":"shipping-taxable","14":"purchasable","15":"product-type-simple"},"acf":[],"_links":{"self":[{"href":"https:\/\/www.kitarakuu.fi\/en\/wp-json\/wp\/v2\/product\/25238","targetHints":{"allow":["GET"]}}],"collection":[{"href":"https:\/\/www.kitarakuu.fi\/en\/wp-json\/wp\/v2\/product"}],"about":[{"href":"https:\/\/www.kitarakuu.fi\/en\/wp-json\/wp\/v2\/types\/product"}],"replies":[{"embeddable":true,"href":"https:\/\/www.kitarakuu.fi\/en\/wp-json\/wp\/v2\/comments?post=25238"}],"wp:featuredmedia":[{"embeddable":true,"href":"https:\/\/www.kitarakuu.fi\/en\/wp-json\/wp\/v2\/media\/15177"}],"wp:attachment":[{"href":"https:\/\/www.kitarakuu.fi\/en\/wp-json\/wp\/v2\/media?parent=25238"}],"wp:term":[{"taxonomy":"product_brand","embeddable":true,"href":"https:\/\/www.kitarakuu.fi\/en\/wp-json\/wp\/v2\/product_brand?post=25238"},{"taxonomy":"product_cat","embeddable":true,"href":"https:\/\/www.kitarakuu.fi\/en\/wp-json\/wp\/v2\/product_cat?post=25238"},{"taxonomy":"product_tag","embeddable":true,"href":"https:\/\/www.kitarakuu.fi\/en\/wp-json\/wp\/v2\/product_tag?post=25238"}],"curies":[{"name":"wp","href":"https:\/\/api.w.org\/{rel}","templated":true}]}}