{"id":24869,"date":"2018-06-29T17:46:21","date_gmt":"2018-06-29T14:46:21","guid":{"rendered":"http:\/\/www.kitarakuu.fi\/kauppa\/Ei-luokiteltu\/ep-tone-sg-tone-2014-2\/"},"modified":"2021-06-18T22:52:55","modified_gmt":"2021-06-18T19:52:55","slug":"ep-tone-sg-tone-2014-2","status":"publish","type":"product","link":"https:\/\/www.kitarakuu.fi\/en\/products\/guitars\/electric-guitars\/ep-tone-sg-tone-2014-2\/","title":{"rendered":"EP-Tone SG-Tone 2014"},"content":{"rendered":"<p>Upeasti viimeistelty kotimainen huippusoitin 80-l. Yamahoiden hengess\u00e4<\/p>\n<p>K\u00e4sity\u00f6t\u00e4 p\u00e4\u00e4st\u00e4 p\u00e4\u00e4h\u00e4n<\/p>\n","protected":false},"excerpt":{"rendered":"<p>Upeasti viimeistelty kotimainen huippusoitin 80-l. Yamahoiden hengess\u00e4 K\u00e4sity\u00f6t\u00e4 p\u00e4\u00e4st\u00e4 p\u00e4\u00e4h\u00e4n<\/p>\n","protected":false},"featured_media":7156,"comment_status":"closed","ping_status":"closed","template":"","meta":{"_acf_changed":false},"product_brand":[],"product_cat":[672,670],"product_tag":[],"class_list":{"0":"post-24869","1":"product","2":"type-product","3":"status-publish","4":"has-post-thumbnail","6":"product_cat-electric-guitars","7":"product_cat-guitars","9":"first","10":"instock","11":"sold-individually","12":"taxable","13":"shipping-taxable","14":"purchasable","15":"product-type-simple"},"acf":[],"_links":{"self":[{"href":"https:\/\/www.kitarakuu.fi\/en\/wp-json\/wp\/v2\/product\/24869","targetHints":{"allow":["GET"]}}],"collection":[{"href":"https:\/\/www.kitarakuu.fi\/en\/wp-json\/wp\/v2\/product"}],"about":[{"href":"https:\/\/www.kitarakuu.fi\/en\/wp-json\/wp\/v2\/types\/product"}],"replies":[{"embeddable":true,"href":"https:\/\/www.kitarakuu.fi\/en\/wp-json\/wp\/v2\/comments?post=24869"}],"wp:featuredmedia":[{"embeddable":true,"href":"https:\/\/www.kitarakuu.fi\/en\/wp-json\/wp\/v2\/media\/7156"}],"wp:attachment":[{"href":"https:\/\/www.kitarakuu.fi\/en\/wp-json\/wp\/v2\/media?parent=24869"}],"wp:term":[{"taxonomy":"product_brand","embeddable":true,"href":"https:\/\/www.kitarakuu.fi\/en\/wp-json\/wp\/v2\/product_brand?post=24869"},{"taxonomy":"product_cat","embeddable":true,"href":"https:\/\/www.kitarakuu.fi\/en\/wp-json\/wp\/v2\/product_cat?post=24869"},{"taxonomy":"product_tag","embeddable":true,"href":"https:\/\/www.kitarakuu.fi\/en\/wp-json\/wp\/v2\/product_tag?post=24869"}],"curies":[{"name":"wp","href":"https:\/\/api.w.org\/{rel}","templated":true}]}}