{"id":24577,"date":"2021-02-04T18:04:43","date_gmt":"2021-02-04T16:04:43","guid":{"rendered":"http:\/\/www.kitarakuu.fi\/kauppa\/Ei-luokiteltu\/vox-mv50-2\/"},"modified":"2021-06-18T22:53:01","modified_gmt":"2021-06-18T19:53:01","slug":"vox-mv50-2","status":"publish","type":"product","link":"https:\/\/www.kitarakuu.fi\/en\/products\/amps\/transistor-amplifiers\/vox-mv50-2\/","title":{"rendered":"VOX MV50"},"content":{"rendered":"<p>Boutique ja Clean Nu-Tube vahvistinnupit, joissa on henke\u00e4 ja dynamiikkaa kuin isommassakin putkivoimalassa&#8230;hmmmm?<\/p>\n<div class=\"row\">\n<div class=\"small-12 large-8 columns titleswrapper\">\n<h2>Vox MV50-CL<\/h2>\n<\/div>\n<div class=\"small-12 large-4 columns\"><a href=\"https:\/\/www.emnordic.fi\/tuotemerkit\/vox\"><img loading=\"lazy\" decoding=\"async\" title=\"VOX\" src=\"https:\/\/emnordic-prod-cdn.azureedge.net\/storage\/ma\/013c98e770794c37a4bd21cbe4b76c87\/96c15c9cdc8d4fc3a688d3b1885a5643\/98-40-0-jpg.Jpeg\/A38457AF2BF876C112BA59F7BFA19A28FBB5BA5E\/554854.jpeg\" alt=\"VOX\" width=\"98\" height=\"40\" \/><\/a><\/div>\n<div class=\"small-12 large-4 columns\"><\/div>\n<\/div>\n<div class=\"row\">\n<div class=\"small-12 large-12 columns\">\n<div class=\"description\">\n<p class=\"italic\">VOX MV50-AC GUITAR AMPLIFIER. Analoginen etuaste toteutettu vallankumouksellisella Nutube-putkipiirill\u00e4. Monsteri soundi, minimaalinen koko \u2013 MV50 on uuden ajan vahvistin.<\/p>\n<\/div>\n<\/div>\n<div class=\"small-12 large-12 columns\">\n<div class=\"description limiteddescription\">\n<div class=\"bottom-limiter\"><\/div>\n<p><img decoding=\"async\" src=\"https:\/\/www.emnordic.fi\/ui\/img\/textlimiterimage.png\" alt=\"\" \/>\u00c4l\u00e4 anna koon ja ulkon\u00e4\u00f6n harhauttaa, sill\u00e4 MV50 on aivan uudenlainen kitaravahvistinkonsepti. 50W tehollaan MV50 tuottaa asiallisen kitarasoundin, joka on verrannollinen mink\u00e4 tahansa perinteisen putkivahvistimen kanssa ja toimii niin kotona, studiossa kuin keikalla<\/p>\n<div class=\"row\">\n<div class=\"small-12 large-8 columns titleswrapper\">\n<h2>Vox MV50-BQ<\/h2>\n<\/div>\n<div class=\"small-12 large-4 columns\"><a href=\"https:\/\/www.emnordic.fi\/tuotemerkit\/vox\"><img loading=\"lazy\" decoding=\"async\" title=\"VOX\" src=\"https:\/\/emnordic-prod-cdn.azureedge.net\/storage\/ma\/013c98e770794c37a4bd21cbe4b76c87\/96c15c9cdc8d4fc3a688d3b1885a5643\/98-40-0-jpg.Jpeg\/A38457AF2BF876C112BA59F7BFA19A28FBB5BA5E\/554854.jpeg\" alt=\"VOX\" width=\"98\" height=\"40\" \/><\/a><\/div>\n<div class=\"small-12 large-4 columns\"><\/div>\n<\/div>\n<div class=\"row\">\n<div class=\"small-12 large-12 columns\">\n<div class=\"description\">\n<p class=\"italic\">VOX MV50-BQ BOUTIQUE GUITAR AMPLIFIER Analog pre-amp featuring the revolutionary Nutube. Monster sound, minimal size \u2013 the MV50 is the ultimate modern amp.<\/p>\n<\/div>\n<\/div>\n<\/div>\n<\/div>\n<\/div>\n<\/div>\n","protected":false},"excerpt":{"rendered":"<p>Boutique ja Clean Nu-Tube vahvistinnupit, joissa on henke\u00e4 ja dynamiikkaa kuin isommassakin putkivoimalassa&#8230;hmmmm? Vox MV50-CL VOX MV50-AC GUITAR AMPLIFIER. Analoginen etuaste toteutettu vallankumouksellisella Nutube-putkipiirill\u00e4. Monsteri soundi, minimaalinen koko \u2013 MV50 on uuden ajan vahvistin. \u00c4l\u00e4 anna koon ja ulkon\u00e4\u00f6n harhauttaa, sill\u00e4 MV50 on aivan uudenlainen kitaravahvistinkonsepti. 50W tehollaan MV50 tuottaa asiallisen kitarasoundin, joka on verrannollinen [&hellip;]<\/p>\n","protected":false},"featured_media":31099,"comment_status":"closed","ping_status":"closed","template":"","meta":{"_acf_changed":false},"product_brand":[],"product_cat":[532,1288,958],"product_tag":[],"class_list":{"0":"post-24577","1":"product","2":"type-product","3":"status-publish","4":"has-post-thumbnail","6":"product_cat-amps","7":"product_cat-head","8":"product_cat-transistor-amplifiers","10":"first","11":"outofstock","12":"sold-individually","13":"taxable","14":"shipping-taxable","15":"purchasable","16":"product-type-simple"},"acf":[],"_links":{"self":[{"href":"https:\/\/www.kitarakuu.fi\/en\/wp-json\/wp\/v2\/product\/24577","targetHints":{"allow":["GET"]}}],"collection":[{"href":"https:\/\/www.kitarakuu.fi\/en\/wp-json\/wp\/v2\/product"}],"about":[{"href":"https:\/\/www.kitarakuu.fi\/en\/wp-json\/wp\/v2\/types\/product"}],"replies":[{"embeddable":true,"href":"https:\/\/www.kitarakuu.fi\/en\/wp-json\/wp\/v2\/comments?post=24577"}],"wp:featuredmedia":[{"embeddable":true,"href":"https:\/\/www.kitarakuu.fi\/en\/wp-json\/wp\/v2\/media\/31099"}],"wp:attachment":[{"href":"https:\/\/www.kitarakuu.fi\/en\/wp-json\/wp\/v2\/media?parent=24577"}],"wp:term":[{"taxonomy":"product_brand","embeddable":true,"href":"https:\/\/www.kitarakuu.fi\/en\/wp-json\/wp\/v2\/product_brand?post=24577"},{"taxonomy":"product_cat","embeddable":true,"href":"https:\/\/www.kitarakuu.fi\/en\/wp-json\/wp\/v2\/product_cat?post=24577"},{"taxonomy":"product_tag","embeddable":true,"href":"https:\/\/www.kitarakuu.fi\/en\/wp-json\/wp\/v2\/product_tag?post=24577"}],"curies":[{"name":"wp","href":"https:\/\/api.w.org\/{rel}","templated":true}]}}