{"id":24575,"date":"2018-09-28T17:35:18","date_gmt":"2018-09-28T14:35:18","guid":{"rendered":"http:\/\/www.kitarakuu.fi\/kauppa\/Ei-luokiteltu\/hagstrom-no26-1962-2\/"},"modified":"2021-06-18T22:52:46","modified_gmt":"2021-06-18T19:52:46","slug":"hagstrom-no26-1962-2","status":"publish","type":"product","link":"https:\/\/www.kitarakuu.fi\/en\/products\/yleinen\/hagstrom-no26-1962-2\/","title":{"rendered":"Hagstr\u00f6m No26 1962"},"content":{"rendered":"<p>Kaunis\u00e4\u00e4ninen pikkucombo Ruotsista n. vuodelta 1962<\/p>\n<p>Tremolo<\/p>\n<p>Siisti laite, konkkahuollettu ja kaiutin vaihdettu -alkuper\u00e4inen tallella<\/p>\n<p>Mullard -putket: EL-84, 12AX7 ja EZ-81<\/p>\n","protected":false},"excerpt":{"rendered":"<p>Kaunis\u00e4\u00e4ninen pikkucombo Ruotsista n. vuodelta 1962 Tremolo Siisti laite, konkkahuollettu ja kaiutin vaihdettu -alkuper\u00e4inen tallella Mullard -putket: EL-84, 12AX7 ja EZ-81<\/p>\n","protected":false},"featured_media":9224,"comment_status":"closed","ping_status":"closed","template":"","meta":{"_acf_changed":false},"product_brand":[],"product_cat":[954,509],"product_tag":[],"class_list":{"0":"post-24575","1":"product","2":"type-product","3":"status-publish","4":"has-post-thumbnail","6":"product_cat-uncategorized","7":"product_cat-yleinen","9":"first","10":"outofstock","11":"sold-individually","12":"taxable","13":"shipping-taxable","14":"purchasable","15":"product-type-simple"},"acf":[],"_links":{"self":[{"href":"https:\/\/www.kitarakuu.fi\/en\/wp-json\/wp\/v2\/product\/24575","targetHints":{"allow":["GET"]}}],"collection":[{"href":"https:\/\/www.kitarakuu.fi\/en\/wp-json\/wp\/v2\/product"}],"about":[{"href":"https:\/\/www.kitarakuu.fi\/en\/wp-json\/wp\/v2\/types\/product"}],"replies":[{"embeddable":true,"href":"https:\/\/www.kitarakuu.fi\/en\/wp-json\/wp\/v2\/comments?post=24575"}],"wp:featuredmedia":[{"embeddable":true,"href":"https:\/\/www.kitarakuu.fi\/en\/wp-json\/wp\/v2\/media\/9224"}],"wp:attachment":[{"href":"https:\/\/www.kitarakuu.fi\/en\/wp-json\/wp\/v2\/media?parent=24575"}],"wp:term":[{"taxonomy":"product_brand","embeddable":true,"href":"https:\/\/www.kitarakuu.fi\/en\/wp-json\/wp\/v2\/product_brand?post=24575"},{"taxonomy":"product_cat","embeddable":true,"href":"https:\/\/www.kitarakuu.fi\/en\/wp-json\/wp\/v2\/product_cat?post=24575"},{"taxonomy":"product_tag","embeddable":true,"href":"https:\/\/www.kitarakuu.fi\/en\/wp-json\/wp\/v2\/product_tag?post=24575"}],"curies":[{"name":"wp","href":"https:\/\/api.w.org\/{rel}","templated":true}]}}